{"id":1664,"date":"2019-06-12T12:06:18","date_gmt":"2019-06-12T10:06:18","guid":{"rendered":"https:\/\/www.smartoptics.de\/getting-here\/"},"modified":"2023-05-09T11:47:22","modified_gmt":"2023-05-09T09:47:22","slug":"getting-here","status":"publish","type":"page","link":"https:\/\/www.smartoptics.de\/en\/getting-here\/","title":{"rendered":"Getting here"},"content":{"rendered":"<div class=\"fusion-fullwidth fullwidth-box fusion-builder-row-1 nonhundred-percent-fullwidth non-hundred-percent-height-scrolling\" style=\"--awb-border-radius-top-left:0px;--awb-border-radius-top-right:0px;--awb-border-radius-bottom-right:0px;--awb-border-radius-bottom-left:0px;--awb-flex-wrap:wrap;\" ><div class=\"fusion-builder-row fusion-row\"><div class=\"fusion-layout-column fusion_builder_column fusion-builder-column-0 fusion_builder_column_1_1 1_1 fusion-one-full fusion-column-first fusion-column-last\" style=\"--awb-bg-size:cover;\"><div class=\"fusion-column-wrapper fusion-column-has-shadow fusion-flex-column-wrapper-legacy\"><div class=\"fusion-title title fusion-title-1 fusion-sep-none fusion-title-text fusion-title-size-one\"><h1 class=\"fusion-title-heading title-heading-left\" style=\"margin:0;\">Getting here<\/h1><\/div><div class=\"fusion-image-element in-legacy-container\" style=\"--awb-caption-title-font-family:var(--h2_typography-font-family);--awb-caption-title-font-weight:var(--h2_typography-font-weight);--awb-caption-title-font-style:var(--h2_typography-font-style);--awb-caption-title-size:var(--h2_typography-font-size);--awb-caption-title-transform:var(--h2_typography-text-transform);--awb-caption-title-line-height:var(--h2_typography-line-height);--awb-caption-title-letter-spacing:var(--h2_typography-letter-spacing);\"><span class=\" fusion-imageframe imageframe-none imageframe-1 hover-type-none\"><img decoding=\"async\" width=\"1280\" height=\"400\" title=\"entrance\" src=\"https:\/\/www.smartoptics.de\/wp-content\/uploads\/entrance-1.jpg\" alt class=\"img-responsive wp-image-876\" srcset=\"https:\/\/www.smartoptics.de\/wp-content\/uploads\/entrance-1-200x63.jpg 200w, https:\/\/www.smartoptics.de\/wp-content\/uploads\/entrance-1-400x125.jpg 400w, https:\/\/www.smartoptics.de\/wp-content\/uploads\/entrance-1-600x188.jpg 600w, https:\/\/www.smartoptics.de\/wp-content\/uploads\/entrance-1-800x250.jpg 800w, https:\/\/www.smartoptics.de\/wp-content\/uploads\/entrance-1-1200x375.jpg 1200w, https:\/\/www.smartoptics.de\/wp-content\/uploads\/entrance-1.jpg 1280w\" sizes=\"(max-width: 1024px) 100vw, 1280px\" \/><\/span><\/div><div class=\"fusion-sep-clear\"><\/div><div class=\"fusion-separator fusion-full-width-sep\" style=\"margin-left: auto;margin-right: auto;margin-top:10px;margin-bottom:10px;width:100%;\"><\/div><div class=\"fusion-sep-clear\"><\/div><div class=\"fusion-title title fusion-title-2 fusion-sep-none fusion-title-text fusion-title-size-three\"><h3 class=\"fusion-title-heading title-heading-left\" style=\"margin:0;\"><p style=\"text-align: center;\">smart optics Sensortechnik GmbH<br \/>\nLise-Meitner-Allee 10<br \/>\n44801 Bochum<br \/>\nGermany<\/p>\n<p style=\"text-align: center;\">Phone: +49 (0) 234 \/ 29 828-0<br \/>\nFax: +49 (0) 234 \/ 29 828-20<br \/>\nE-mail: info@smartoptics.de<\/p><\/h3><\/div><div class=\"fusion-text fusion-text-1\"><p>Our company headquarters in Bochum are easy to find in the Technology Quarter close to the Ruhr University. The Lise-Meitner-Allee can be reached by car via the Universit\u00e4tsstra\u00dfe, with the Metro line U35 (Campus line) as well as bus lines 320 and 346.<br \/>Tip for smartphone and tablet users: the BOGESTRA App of the local public transport company guides you safely to your destination (Information at\u00a0<a href=\"http:\/\/www.bogestra.de\/\" target=\"_blank\" rel=\"noopener noreferrer\">www.bogestra.de<\/a>).<\/p>\n<p><strong>Arriving by car<\/strong><\/p>\n<p>There is a direct motorway connection to the A43 (Exit 19 Bochum-Querenburg). Drive to the Universit\u00e4tsstra\u00dfe and follow the signs to the &#8220;Technologie-Quartier&#8221;.<\/p>\n<p><strong>Traveling by rail and public transport<\/strong><\/p>\n<p>There are numerous local and long-distance connections to the main railway station &#8220;Bochum Hauptbahnhof&#8221;. Up-to-date connections are available online at<\/p>\n<ul>\n<li><a href=\"https:\/\/www.bahn.com\/\" target=\"_blank\" rel=\"noopener noreferrer\">https:\/\/www.bahn.com\/<\/a>\u00a0(long-distance traffic)<\/li>\n<li><a href=\"https:\/\/www.vrr.de\/en\/timetable-mobility\/journey-planner\/\" target=\"_blank\" rel=\"noopener noreferrer\">https:\/\/www.vrr.de\/en\/timetable-mobility\/journey-planner\/<\/a>\u00a0(local traffic)<\/li>\n<\/ul>\n<p><strong>Driving from the airports<\/strong><\/p>\n<p>You can reach Bochum conveniently from the surrounding airports D\u00fcsseldorf, Dortmund, Cologne\/Bonn and M\u00fcnster\/Osnabr\u00fcck (driving time from airport to Bochum two hours maximum).<br \/>\nOn the airport pages you can find detailed information on arrivals and departures:<\/p>\n<ul>\n<li>Dortmund Airport (Flughafenring 2, 44319 Dortmund)<br \/>\n<a href=\"http:\/\/www.dortmund-airport.com\/\" target=\"_blank\" rel=\"noopener noreferrer\">http:\/\/www.dortmund-airport.com\/<\/a><\/li>\n<li>D\u00fcsseldorf Airport (Flughafenstra\u00dfe 120, 40474 D\u00fcsseldorf)<br \/>\n<a href=\"https:\/\/www.dus.com\/en\/to-and-from\/arriving\" target=\"_blank\" rel=\"noopener noreferrer\">www.dus.com\/en\/to-and-from\/arriving<\/a><\/li>\n<li>Cologne Bonn Airport (Kennedystra\u00dfe, 51147 K\u00f6ln)<br \/>\n<a href=\"http:\/\/www.koeln-bonn-airport.de\/en\/parking-arrival\" target=\"_blank\" rel=\"noopener noreferrer\">http:\/\/www.koeln-bonn-airport.de\/en\/parking-arrival<\/a><\/li>\n<li>M\u00fcnster Osnabr\u00fcck Airport (Airportallee 1, 48268 Greven)<br \/>\n<a href=\"http:\/\/www.fmo.de\/en\/service\/arrival-departure\/\" target=\"_blank\" rel=\"noopener noreferrer\">http:\/\/www.fmo.de\/en\/service\/arrival-departure\/<\/a><\/li>\n<\/ul>\n<\/div><div class=\"fusion-clearfix\"><\/div><\/div><\/div><\/div><\/div>\n","protected":false},"excerpt":{"rendered":"","protected":false},"author":1,"featured_media":0,"parent":0,"menu_order":0,"comment_status":"closed","ping_status":"closed","template":"100-width.php","meta":{"footnotes":""},"class_list":["post-1664","page","type-page","status-publish","hentry"],"_links":{"self":[{"href":"https:\/\/www.smartoptics.de\/en\/wp-json\/wp\/v2\/pages\/1664","targetHints":{"allow":["GET"]}}],"collection":[{"href":"https:\/\/www.smartoptics.de\/en\/wp-json\/wp\/v2\/pages"}],"about":[{"href":"https:\/\/www.smartoptics.de\/en\/wp-json\/wp\/v2\/types\/page"}],"author":[{"embeddable":true,"href":"https:\/\/www.smartoptics.de\/en\/wp-json\/wp\/v2\/users\/1"}],"replies":[{"embeddable":true,"href":"https:\/\/www.smartoptics.de\/en\/wp-json\/wp\/v2\/comments?post=1664"}],"version-history":[{"count":4,"href":"https:\/\/www.smartoptics.de\/en\/wp-json\/wp\/v2\/pages\/1664\/revisions"}],"predecessor-version":[{"id":14871,"href":"https:\/\/www.smartoptics.de\/en\/wp-json\/wp\/v2\/pages\/1664\/revisions\/14871"}],"wp:attachment":[{"href":"https:\/\/www.smartoptics.de\/en\/wp-json\/wp\/v2\/media?parent=1664"}],"curies":[{"name":"wp","href":"https:\/\/api.w.org\/{rel}","templated":true}]}}