{"id":9559,"date":"2020-02-07T10:33:30","date_gmt":"2020-02-07T09:33:30","guid":{"rendered":"https:\/\/www.smartoptics.de\/?page_id=9559"},"modified":"2023-10-17T14:50:40","modified_gmt":"2023-10-17T12:50:40","slug":"aural-scan","status":"publish","type":"page","link":"https:\/\/www.smartoptics.de\/de\/audiologie\/aural-scan\/","title":{"rendered":"aural Scan"},"content":{"rendered":"<p><div class=\"fusion-fullwidth fullwidth-box fusion-builder-row-1 nonhundred-percent-fullwidth non-hundred-percent-height-scrolling\" style=\"--awb-border-radius-top-left:0px;--awb-border-radius-top-right:0px;--awb-border-radius-bottom-right:0px;--awb-border-radius-bottom-left:0px;--awb-background-color:rgba(255,255,255,0);--awb-flex-wrap:wrap;\" ><div class=\"fusion-builder-row fusion-row\"><div class=\"fusion-layout-column fusion_builder_column fusion-builder-column-0 fusion_builder_column_1_1 1_1 fusion-one-full fusion-column-first fusion-column-last\" style=\"--awb-padding-top:10px;--awb-padding-right:10px;--awb-padding-bottom:10px;--awb-padding-left:10px;--awb-bg-size:cover;--awb-border-color:#e6e6e6;--awb-border-top:0;--awb-border-right:0;--awb-border-bottom:0;--awb-border-left:0;--awb-border-style:solid;\"><div class=\"fusion-column-wrapper fusion-column-has-shadow fusion-flex-column-wrapper-legacy\"><div class=\"fusion-title title fusion-title-1 fusion-sep-none fusion-title-text fusion-title-size-one\"><h1 class=\"fusion-title-heading title-heading-left\" style=\"margin:0;\">aural Scan<\/h1><\/div><div class=\"fusion-clearfix\"><\/div><\/div><\/div><div class=\"fusion-layout-column fusion_builder_column fusion-builder-column-1 fusion_builder_column_1_1 1_1 fusion-one-full fusion-column-first fusion-column-last\" style=\"--awb-padding-top:10px;--awb-padding-right:10px;--awb-padding-bottom:10px;--awb-padding-left:10px;--awb-bg-size:cover;--awb-border-color:#e6e6e6;--awb-border-top:0;--awb-border-right:0;--awb-border-bottom:0;--awb-border-left:0;--awb-border-style:solid;\"><div class=\"fusion-column-wrapper fusion-column-has-shadow fusion-flex-column-wrapper-legacy\"><div class=\"fusion-text fusion-text-1\"><p>Pr\u00e4zise. Effizient. QM-gerecht: Die 3D-Audiologiescanner aus dem Hause smart optics sind mit der Scansoftware aural Scan ausgestattet. Im engen Kontakt zu Audiologen wurde aural Scan entwickelt, um das Digitalisieren von Ohrabdr\u00fccken (einzeln oder paarweise) zu optimieren und den Workflow effizient zu gestalten.<\/p>\n<p>Kommt Ihnen das bekannt vor? Der Schreibtisch ist voll mit neuen Auftr\u00e4gen. Der Kopf sehnt sich nach Ordnung. Wo war noch gleich das Werkzeug zum Beschneiden? Hektische Arbeitsabl\u00e4ufe und Belastung lassen Stress aufkommen.<\/p>\n<p>aural Scan ist eine zuverl\u00e4ssige und stabile Software f\u00fcr den anstrengenden Alltag mit einem modernen, strukturierten Auftritt. Der Fokus liegt auf Kommunikation und Genauigkeit. Mit aural Scan k\u00f6nnen Ohrabdr\u00fccke schnell digitalisiert werden. Benutzerhinweise leiten sicher durch alle Arbeitsschritte. N\u00fctzliche Features, die den Workflow erleichtern und kostbare Zeit einsparen, runden aural Scan ab.<\/p>\n<p>Am Anfang des digitalen Workflows steht der Scan. Der Vorgang startet direkt, um z\u00fcgiges Arbeiten zu unterst\u00fctzen. Jederzeit k\u00f6nnen Benennungen vergeben werden, automatisch, manuell oder optional per Barcode. Das System ist flexibel und kann an individuelle Vorgaben angepasst werden.<\/p>\n<p>Alle Software-Werkzeuge sind \u00fcbersichtlich angeordnet und mit ansprechenden Icons versehen.<br \/>\nDer 3D-Viewer verf\u00fcgt \u00fcber variable Ansichten der Scans und Korrekturfunktionen. Bearbeitungsnotizen k\u00f6nnen als punktgenaue Annotation und \u00fcbergreifend als Projektkommentar erfasst werden. Die Exportfunktion erleichtert die Auftragskommunikation: Das fertige Scanprojekt kann als ZIP-Archiv gespeichert, per E-Mail verschickt oder auf einen FTP-Server hochgeladen werden. Ein konfigurierbares PDF-Dokument fasst die Auftragsdaten \u00fcbersichtlich zusammen.<\/p>\n<p>Wenn Noah aus dem Hause HIMSA im Einsatz ist, besteht dank der integrierten Schnittstelle die M\u00f6glichkeit, Scanner-Arbeitspl\u00e4tze in die Noah-Systemlandschaft einzubinden.<br \/>\nDer Noah-Patientenbrowser ist der Ausgangspunkt f\u00fcr das Scannen: Einfach den Patienten ausw\u00e4hlen und aural Scan starten. Noah-Arbeitspl\u00e4tze ohne Scanner k\u00f6nnen die M\u00f6glichkeit erhalten, aural Scan zur Ansicht von Scans zu nutzen.<br \/>\naural Scan kann an unterschiedliche Bed\u00fcrfnisse angepasst werden. Einstellbar sind unter anderem: Sprache, Dateiformate (STL, MSH und ASCII), Dateiablage, Abdruckfarbe, Scanstrategie, Qualit\u00e4t und automatischer Beschnitt. aural Scan kann mit individuellen Nutzungsprofilen arbeiten.<\/p>\n<p>Alle vorgenannten Funktionen von aural Scan sind im Standard-Lieferumfang enthalten (die Funktion Barcode-Scannen ist f\u00fcr den mono Scan ab Version 3.7.0 enthalten).<\/p>\n<p>3D-Scanner und Software von smart optics gen\u00fcgen h\u00f6chsten Qualit\u00e4tsanspr\u00fcchen. Dank regelm\u00e4\u00dfiger Achsenkalibrierung erreichen Scans stets eine hohe Genauigkeit.<br \/>\nF\u00fcr h\u00f6chste Anforderungen, etwa im Qualit\u00e4tsmanagement, empfiehlt smart optics die optionale 3D-Kalibierung, f\u00fcr die ein spezielles 3D-Kalibrationsobjekt ben\u00f6tigt wird (als Zubeh\u00f6r in unserem Shop erh\u00e4ltlich). Der umfangreiche Prozess kalibriert Sensor, Achsen und Mesh-Berechnung. Nach einer Validierung erstellt aural Scan ein Pr\u00fcfprotokoll, das die aktuelle Genauigkeit des Scanners dokumentiert.<\/p>\n<p>Einen \u00dcberblick \u00fcber Neuerungen und Verbesserungen in aural Scan finden Sie im Download-Bereich weiter unten (Release Notes).<\/p>\n<\/div><div class=\"fusion-clearfix\"><\/div><\/div><\/div><\/div><\/div><div class=\"fusion-fullwidth fullwidth-box fusion-builder-row-2 fusion-parallax-none nonhundred-percent-fullwidth non-hundred-percent-height-scrolling\" style=\"--awb-border-radius-top-left:0px;--awb-border-radius-top-right:0px;--awb-border-radius-bottom-right:0px;--awb-border-radius-bottom-left:0px;--awb-background-image:url(&quot;https:\/\/www.smartoptics.de\/wp-content\/uploads\/pictures-background.jpg&quot;);--awb-background-size:cover;--awb-flex-wrap:wrap;\" ><div class=\"fusion-builder-row fusion-row\"><div class=\"fusion-layout-column fusion_builder_column fusion-builder-column-2 fusion_builder_column_1_1 1_1 fusion-one-full fusion-column-first fusion-column-last\" style=\"--awb-padding-top:10px;--awb-padding-right:10px;--awb-padding-bottom:10px;--awb-padding-left:10px;--awb-bg-size:cover;--awb-border-color:#e6e6e6;--awb-border-top:0;--awb-border-right:0;--awb-border-bottom:0;--awb-border-left:0;--awb-border-style:solid;\"><div class=\"fusion-column-wrapper fusion-column-has-shadow fusion-flex-column-wrapper-legacy\"><div class=\"fusion-title title fusion-title-2 fusion-sep-none fusion-title-text fusion-title-size-two\" style=\"--awb-text-color:#ffffff;\"><h2 class=\"fusion-title-heading title-heading-left\" style=\"margin:0;\">Medien<\/h2><\/div><div class=\"awb-gallery-wrapper awb-gallery-wrapper-1 button-span-no\"><div style=\"margin:-10px;--awb-bordersize:1px;\" class=\"fusion-gallery fusion-gallery-container fusion-grid-5 fusion-columns-total-9 fusion-gallery-layout-grid fusion-gallery-1\"><div style=\"padding:10px;\" class=\"fusion-grid-column fusion-gallery-column fusion-gallery-column-5 hover-type-zoomout\"><div class=\"fusion-gallery-image\"><a href=\"\/wp-content\/uploads\/aural_scan.png\" rel=\"noreferrer\" data-rel=\"iLightbox[gallery_image_1]\" class=\"fusion-lightbox\" target=\"_self\"><img decoding=\"async\" src=\"https:\/\/www.smartoptics.de\/wp-content\/uploads\/aural_scan-preview.jpg\" width=\"320\" height=\"320\" alt=\"\" title=\"aural_scan-preview\" aria-label=\"aural_scan-preview\" class=\"img-responsive wp-image-9573\" srcset=\"https:\/\/www.smartoptics.de\/wp-content\/uploads\/aural_scan-preview-200x200.jpg 200w, https:\/\/www.smartoptics.de\/wp-content\/uploads\/aural_scan-preview.jpg 320w\" sizes=\"(min-width: 2200px) 100vw, (min-width: 947px) 248px, (min-width: 870px) 310px, (min-width: 794px) 413px, (min-width: 717px) 620px, (min-width: 640px) 717px, \" \/><\/a><\/div><\/div><div style=\"padding:10px;\" class=\"fusion-grid-column fusion-gallery-column fusion-gallery-column-5 hover-type-zoomout\"><div class=\"fusion-gallery-image\"><a href=\"\/wp-content\/uploads\/aural_scan_cutting.png\" rel=\"noreferrer\" data-rel=\"iLightbox[gallery_image_1]\" class=\"fusion-lightbox\" target=\"_self\"><img decoding=\"async\" src=\"https:\/\/www.smartoptics.de\/wp-content\/uploads\/aural_scan_cutting-preview.jpg\" width=\"320\" height=\"320\" alt=\"\" title=\"aural_scan_cutting-preview\" aria-label=\"aural_scan_cutting-preview\" class=\"img-responsive wp-image-9575\" srcset=\"https:\/\/www.smartoptics.de\/wp-content\/uploads\/aural_scan_cutting-preview-200x200.jpg 200w, https:\/\/www.smartoptics.de\/wp-content\/uploads\/aural_scan_cutting-preview.jpg 320w\" sizes=\"(min-width: 2200px) 100vw, (min-width: 947px) 248px, (min-width: 870px) 310px, (min-width: 794px) 413px, (min-width: 717px) 620px, (min-width: 640px) 717px, \" \/><\/a><\/div><\/div><div style=\"padding:10px;\" class=\"fusion-grid-column fusion-gallery-column fusion-gallery-column-5 hover-type-zoomout\"><div class=\"fusion-gallery-image\"><a href=\"\/wp-content\/uploads\/aural_scan_scanning.png\" rel=\"noreferrer\" data-rel=\"iLightbox[gallery_image_1]\" class=\"fusion-lightbox\" target=\"_self\"><img decoding=\"async\" src=\"https:\/\/www.smartoptics.de\/wp-content\/uploads\/aural_scan_scanning-preview.jpg\" width=\"320\" height=\"320\" alt=\"\" title=\"aural_scan_scanning-preview\" aria-label=\"aural_scan_scanning-preview\" class=\"img-responsive wp-image-9571\" srcset=\"https:\/\/www.smartoptics.de\/wp-content\/uploads\/aural_scan_scanning-preview-200x200.jpg 200w, https:\/\/www.smartoptics.de\/wp-content\/uploads\/aural_scan_scanning-preview.jpg 320w\" sizes=\"(min-width: 2200px) 100vw, (min-width: 947px) 248px, (min-width: 870px) 310px, (min-width: 794px) 413px, (min-width: 717px) 620px, (min-width: 640px) 717px, \" \/><\/a><\/div><\/div><div style=\"padding:10px;\" class=\"fusion-grid-column fusion-gallery-column fusion-gallery-column-5 hover-type-zoomout\"><div class=\"fusion-gallery-image\"><a href=\"\/wp-content\/uploads\/aural_scan_pdf.jpg\" rel=\"noreferrer\" data-rel=\"iLightbox[gallery_image_1]\" class=\"fusion-lightbox\" target=\"_self\"><img decoding=\"async\" src=\"https:\/\/www.smartoptics.de\/wp-content\/uploads\/aural_scan_pdf-preview.jpg\" width=\"320\" height=\"320\" alt=\"\" title=\"aural Scan &#8211; PDF\" aria-label=\"aural Scan &#8211; PDF\" class=\"img-responsive wp-image-12266\" srcset=\"https:\/\/www.smartoptics.de\/wp-content\/uploads\/aural_scan_pdf-preview-200x200.jpg 200w, https:\/\/www.smartoptics.de\/wp-content\/uploads\/aural_scan_pdf-preview.jpg 320w\" sizes=\"(min-width: 2200px) 100vw, (min-width: 947px) 248px, (min-width: 870px) 310px, (min-width: 794px) 413px, (min-width: 717px) 620px, (min-width: 640px) 717px, \" \/><\/a><\/div><\/div><div style=\"padding:10px;\" class=\"fusion-grid-column fusion-gallery-column fusion-gallery-column-5 hover-type-zoomout\"><div class=\"fusion-gallery-image\"><a href=\"\/wp-content\/uploads\/aural_scan_note.jpg\" rel=\"noreferrer\" data-rel=\"iLightbox[gallery_image_1]\" class=\"fusion-lightbox\" target=\"_self\"><img decoding=\"async\" src=\"https:\/\/www.smartoptics.de\/wp-content\/uploads\/aural_scan_note-preview.jpg\" width=\"320\" height=\"320\" alt=\"\" title=\"aural Scan &#8211; Note\" aria-label=\"aural Scan &#8211; Note\" class=\"img-responsive wp-image-12262\" srcset=\"https:\/\/www.smartoptics.de\/wp-content\/uploads\/aural_scan_note-preview-200x200.jpg 200w, https:\/\/www.smartoptics.de\/wp-content\/uploads\/aural_scan_note-preview.jpg 320w\" sizes=\"(min-width: 2200px) 100vw, (min-width: 947px) 248px, (min-width: 870px) 310px, (min-width: 794px) 413px, (min-width: 717px) 620px, (min-width: 640px) 717px, \" \/><\/a><\/div><\/div><div class=\"clearfix\"><\/div><div style=\"padding:10px;\" class=\"fusion-grid-column fusion-gallery-column fusion-gallery-column-5 hover-type-zoomout\"><div class=\"fusion-gallery-image\"><a href=\"\/wp-content\/uploads\/aural_scan_upload.jpg\" rel=\"noreferrer\" data-rel=\"iLightbox[gallery_image_1]\" class=\"fusion-lightbox\" target=\"_self\"><img decoding=\"async\" src=\"https:\/\/www.smartoptics.de\/wp-content\/uploads\/aural_scan_upload-preview.jpg\" width=\"320\" height=\"320\" alt=\"\" title=\"aural Scan &#8211; Upload\" aria-label=\"aural Scan &#8211; Upload\" class=\"img-responsive wp-image-12278\" srcset=\"https:\/\/www.smartoptics.de\/wp-content\/uploads\/aural_scan_upload-preview-200x200.jpg 200w, https:\/\/www.smartoptics.de\/wp-content\/uploads\/aural_scan_upload-preview.jpg 320w\" sizes=\"(min-width: 2200px) 100vw, (min-width: 947px) 248px, (min-width: 870px) 310px, (min-width: 794px) 413px, (min-width: 717px) 620px, (min-width: 640px) 717px, \" \/><\/a><\/div><\/div><div style=\"padding:10px;\" class=\"fusion-grid-column fusion-gallery-column fusion-gallery-column-5 hover-type-zoomout\"><div class=\"fusion-gallery-image\"><a href=\"\/wp-content\/uploads\/aural_scan_ftp.jpg\" rel=\"noreferrer\" data-rel=\"iLightbox[gallery_image_1]\" class=\"fusion-lightbox\" target=\"_self\"><img decoding=\"async\" src=\"https:\/\/www.smartoptics.de\/wp-content\/uploads\/aural_scan_ftp-preview.jpg\" width=\"320\" height=\"320\" alt=\"\" title=\"aural Scan &#8211; FTP\" aria-label=\"aural Scan &#8211; FTP\" class=\"img-responsive wp-image-12258\" srcset=\"https:\/\/www.smartoptics.de\/wp-content\/uploads\/aural_scan_ftp-preview-200x200.jpg 200w, https:\/\/www.smartoptics.de\/wp-content\/uploads\/aural_scan_ftp-preview.jpg 320w\" sizes=\"(min-width: 2200px) 100vw, (min-width: 947px) 248px, (min-width: 870px) 310px, (min-width: 794px) 413px, (min-width: 717px) 620px, (min-width: 640px) 717px, \" \/><\/a><\/div><\/div><div style=\"padding:10px;\" class=\"fusion-grid-column fusion-gallery-column fusion-gallery-column-5 hover-type-zoomout\"><div class=\"fusion-gallery-image\"><a href=\"\/wp-content\/uploads\/aural_scan_projectnote.jpg\" rel=\"noreferrer\" data-rel=\"iLightbox[gallery_image_1]\" class=\"fusion-lightbox\" target=\"_self\"><img decoding=\"async\" src=\"https:\/\/www.smartoptics.de\/wp-content\/uploads\/aural_scan_projectnote-preview.jpg\" width=\"320\" height=\"320\" alt=\"\" title=\"aural Scan &#8211; Project note\" aria-label=\"aural Scan &#8211; Project note\" class=\"img-responsive wp-image-12270\" srcset=\"https:\/\/www.smartoptics.de\/wp-content\/uploads\/aural_scan_projectnote-preview-200x200.jpg 200w, https:\/\/www.smartoptics.de\/wp-content\/uploads\/aural_scan_projectnote-preview.jpg 320w\" sizes=\"(min-width: 2200px) 100vw, (min-width: 947px) 248px, (min-width: 870px) 310px, (min-width: 794px) 413px, (min-width: 717px) 620px, (min-width: 640px) 717px, \" \/><\/a><\/div><\/div><div style=\"padding:10px;\" class=\"fusion-grid-column fusion-gallery-column fusion-gallery-column-5 hover-type-zoomout\"><div class=\"fusion-gallery-image\"><a href=\"\/wp-content\/uploads\/aural_scan_settings.jpg\" rel=\"noreferrer\" data-rel=\"iLightbox[gallery_image_1]\" class=\"fusion-lightbox\" target=\"_self\"><img decoding=\"async\" src=\"https:\/\/www.smartoptics.de\/wp-content\/uploads\/aural_scan_settings-preview.jpg\" width=\"320\" height=\"320\" alt=\"\" title=\"aural Scan &#8211; Settings\" aria-label=\"aural Scan &#8211; Settings\" class=\"img-responsive wp-image-12274\" srcset=\"https:\/\/www.smartoptics.de\/wp-content\/uploads\/aural_scan_settings-preview-200x200.jpg 200w, https:\/\/www.smartoptics.de\/wp-content\/uploads\/aural_scan_settings-preview.jpg 320w\" sizes=\"(min-width: 2200px) 100vw, (min-width: 947px) 248px, (min-width: 870px) 310px, (min-width: 794px) 413px, (min-width: 717px) 620px, (min-width: 640px) 717px, \" \/><\/a><\/div><\/div><\/div><\/div><div class=\"fusion-clearfix\"><\/div><\/div><\/div><\/div><\/div><div class=\"fusion-fullwidth fullwidth-box fusion-builder-row-3 nonhundred-percent-fullwidth non-hundred-percent-height-scrolling\" style=\"--awb-border-radius-top-left:0px;--awb-border-radius-top-right:0px;--awb-border-radius-bottom-right:0px;--awb-border-radius-bottom-left:0px;--awb-flex-wrap:wrap;\" ><div class=\"fusion-builder-row fusion-row\"><div class=\"fusion-layout-column fusion_builder_column fusion-builder-column-3 fusion_builder_column_1_1 1_1 fusion-one-full fusion-column-first fusion-column-last\" style=\"--awb-padding-top:10px;--awb-padding-right:10px;--awb-padding-bottom:10px;--awb-padding-left:10px;--awb-bg-size:cover;--awb-border-color:#e6e6e6;--awb-border-top:0;--awb-border-right:0;--awb-border-bottom:0;--awb-border-left:0;--awb-border-style:solid;\"><div class=\"fusion-column-wrapper fusion-column-has-shadow fusion-flex-column-wrapper-legacy\"><div class=\"fusion-title title fusion-title-3 fusion-sep-none fusion-title-text fusion-title-size-two\"><h2 class=\"fusion-title-heading title-heading-left\" style=\"margin:0;\">Datenblatt<\/h2><\/div><div class=\"accordian fusion-accordian\" style=\"--awb-border-size:1px;--awb-icon-size:10px;--awb-content-font-size:13px;--awb-icon-alignment:left;--awb-hover-color:#f9f9f9;--awb-border-color:#cccccc;--awb-background-color:#ffffff;--awb-divider-color:#e0dede;--awb-divider-hover-color:#e0dede;--awb-icon-color:#ffffff;--awb-title-color:#622181;--awb-content-color:#333333;--awb-icon-box-color:#333333;--awb-toggle-hover-accent-color:#622181;--awb-title-font-family:Verdana, Geneva, sans-serif;--awb-title-font-weight:700;--awb-title-font-style:normal;--awb-title-font-size:14px;--awb-title-line-height:1.5;--awb-content-font-family:Verdana, Geneva, sans-serif;--awb-content-font-style:normal;--awb-content-font-weight:400;\"><div class=\"panel-group fusion-toggle-icon-boxed\" id=\"accordion-9559-1\"><div class=\"fusion-panel panel-default panel-f0a94706b6675dc90 fusion-toggle-has-divider\"><div class=\"panel-heading\"><h4 class=\"panel-title toggle\" id=\"toggle_f0a94706b6675dc90\"><a aria-expanded=\"false\" aria-controls=\"f0a94706b6675dc90\" role=\"button\" data-toggle=\"collapse\" data-target=\"#f0a94706b6675dc90\" href=\"#f0a94706b6675dc90\"><span class=\"fusion-toggle-icon-wrapper\" aria-hidden=\"true\"><i class=\"fa-fusion-box active-icon awb-icon-minus\" aria-hidden=\"true\"><\/i><i class=\"fa-fusion-box inactive-icon awb-icon-plus\" aria-hidden=\"true\"><\/i><\/span><span class=\"fusion-toggle-heading\">Systemvoraussetzungen<\/span><\/a><\/h4><\/div><div id=\"f0a94706b6675dc90\" class=\"panel-collapse collapse \" aria-labelledby=\"toggle_f0a94706b6675dc90\"><div class=\"panel-body toggle-content fusion-clearfix\">\n<table id=\"tablepress-202\" class=\"tablepress tablepress-id-202 tablepress-responsive tablepress-responsive-stack-tablet\">\n<thead>\n<tr class=\"row-1\">\n\t<th class=\"column-1\"><\/th><th class=\"column-2\">aural Scan (*)<\/th>\n<\/tr>\n<\/thead>\n<tbody class=\"row-striping\">\n<tr class=\"row-2\">\n\t<td class=\"column-1\">Betriebssystem<\/td><td class=\"column-2\">Windows 11 64-Bit<\/td>\n<\/tr>\n<tr class=\"row-3\">\n\t<td class=\"column-1\">Prozessor<\/td><td class=\"column-2\">8 Core CPU<\/td>\n<\/tr>\n<tr class=\"row-4\">\n\t<td class=\"column-1\">Arbeitsspeicher<\/td><td class=\"column-2\">8 GB<\/td>\n<\/tr>\n<tr class=\"row-5\">\n\t<td class=\"column-1\">Anschl\u00fcsse<\/td><td class=\"column-2\">1\u00d7 USB 3.0 Port<\/td>\n<\/tr>\n<tr class=\"row-6\">\n\t<td class=\"column-1\">Festplatte<\/td><td class=\"column-2\">ca. 80 GB freier Festplattenspeicher<\/td>\n<\/tr>\n<tr class=\"row-7\">\n\t<td class=\"column-1\">Grafikkarte<\/td><td class=\"column-2\">mind. 2 GB RAM<\/td>\n<\/tr>\n<\/tbody>\n<\/table>\n<!-- #tablepress-202 from cache -->\n* Die Angaben beziehen sich auf die aktuellste Software-Version.<\/div><\/div><\/div><div class=\"fusion-panel panel-default panel-a8e86bbcc02d7f512 fusion-toggle-has-divider\"><div class=\"panel-heading\"><h4 class=\"panel-title toggle\" id=\"toggle_a8e86bbcc02d7f512\"><a aria-expanded=\"false\" aria-controls=\"a8e86bbcc02d7f512\" role=\"button\" data-toggle=\"collapse\" data-target=\"#a8e86bbcc02d7f512\" href=\"#a8e86bbcc02d7f512\"><span class=\"fusion-toggle-icon-wrapper\" aria-hidden=\"true\"><i class=\"fa-fusion-box active-icon awb-icon-minus\" aria-hidden=\"true\"><\/i><i class=\"fa-fusion-box inactive-icon awb-icon-plus\" aria-hidden=\"true\"><\/i><\/span><span class=\"fusion-toggle-heading\">Kompatibilit\u00e4t<\/span><\/a><\/h4><\/div><div id=\"a8e86bbcc02d7f512\" class=\"panel-collapse collapse \" aria-labelledby=\"toggle_a8e86bbcc02d7f512\"><div class=\"panel-body toggle-content fusion-clearfix\">\n<table id=\"tablepress-202-no-2\" class=\"tablepress tablepress-id-202 tablepress-responsive tablepress-responsive-stack-tablet\">\n<thead>\n<tr class=\"row-1\">\n\t<th class=\"column-1\"><\/th><th class=\"column-2\">aural Scan (*)<\/th>\n<\/tr>\n<\/thead>\n<tbody class=\"row-striping\">\n<tr class=\"row-2\">\n\t<td class=\"column-1\">free Stage one<\/td><td class=\"column-2\"><i class=\"fas fa-check\" style=\"color: #8bc34a;\"><\/i><\/td>\n<\/tr>\n<tr class=\"row-3\">\n\t<td class=\"column-1\">mono Scan<\/td><td class=\"column-2\"><i class=\"fas fa-check\" style=\"color: #8bc34a;\"><\/i><\/td>\n<\/tr>\n<tr class=\"row-4\">\n\t<td class=\"column-1\">free Stage twin<\/td><td class=\"column-2\"><i class=\"fas fa-check\" style=\"color: #8bc34a;\"><\/i><\/td>\n<\/tr>\n<tr class=\"row-5\">\n\t<td class=\"column-1\">duo Scan<\/td><td class=\"column-2\"><i class=\"fas fa-check\" style=\"color: #8bc34a;\"><\/i><\/td>\n<\/tr>\n<tr class=\"row-6\">\n\t<td class=\"column-1\">duo Scan Touch<\/td><td class=\"column-2\"><i class=\"fas fa-check\" style=\"color: #8bc34a;\"><\/i><\/td>\n<\/tr>\n<tr class=\"row-7\">\n\t<td class=\"column-1\">ds Production<\/td><td class=\"column-2\"><i class=\"fas fa-check\" style=\"color: #8bc34a;\"><\/i><\/td>\n<\/tr>\n<tr class=\"row-8\">\n\t<td class=\"column-1\">free Stage<\/td><td class=\"column-2\"><i class=\"fas fa-check\" style=\"color: #8bc34a;\"><\/i><\/td>\n<\/tr>\n<\/tbody>\n<\/table>\n<!-- #tablepress-202-no-2 from cache -->\n* Die Angaben beziehen sich auf die aktuellste Software-Version.<\/div><\/div><\/div><\/div><\/div><div class=\"fusion-clearfix\"><\/div><\/div><\/div><\/div><\/div><div class=\"fusion-fullwidth fullwidth-box fusion-builder-row-4 nonhundred-percent-fullwidth non-hundred-percent-height-scrolling fusion-equal-height-columns\" style=\"--awb-border-radius-top-left:0px;--awb-border-radius-top-right:0px;--awb-border-radius-bottom-right:0px;--awb-border-radius-bottom-left:0px;--awb-background-color:#1a171b;--awb-flex-wrap:wrap;\" ><div class=\"fusion-builder-row fusion-row\"><div class=\"fusion-layout-column fusion_builder_column fusion-builder-column-4 fusion_builder_column_1_1 1_1 fusion-one-full fusion-column-first fusion-column-last fusion-column-no-min-height\" style=\"--awb-bg-size:cover;\"><div class=\"fusion-column-wrapper fusion-column-has-shadow fusion-flex-column-wrapper-legacy\"><div class=\"fusion-title title fusion-title-4 fusion-sep-none fusion-title-text fusion-title-size-two\" style=\"--awb-text-color:#ffffff;\"><h2 class=\"fusion-title-heading title-heading-left\" style=\"margin:0;\">Downloads<\/h2><\/div><div class=\"fusion-clearfix\"><\/div><\/div><\/div><div class=\"fusion-layout-column fusion_builder_column fusion-builder-column-5 fusion_builder_column_1_1 1_1 fusion-one-full fusion-column-first fusion-column-last\" style=\"--awb-padding-top:20px;--awb-padding-right:20px;--awb-padding-bottom:20px;--awb-padding-left:20px;--awb-bg-color:#eeeeee;--awb-bg-color-hover:#eeeeee;--awb-bg-size:cover;\"><div class=\"fusion-column-wrapper fusion-column-has-shadow fusion-flex-column-wrapper-legacy\"><div class=\"fusion-text fusion-text-2\"><p style=\"text-align: center;\">Alle Downloads wie Handb\u00fccher, Release notes und die aktuelle Version von aural Scan befinden sich in unserem Download-Center.<\/p>\n<\/div><div class=\"fusion-aligncenter\"><a class=\"fusion-button button-flat button-large button-default fusion-button-default button-1 fusion-button-span-no fusion-button-default-type\" target=\"_self\" href=\"https:\/\/www.smartoptics.de\/de\/audiologie\/downloads\/\"><span class=\"fusion-button-text awb-button__text awb-button__text--default\">Zum Download-Center<\/span><\/a><\/div><div class=\"fusion-clearfix\"><\/div><\/div><\/div><\/div><\/div><\/p>\n","protected":false},"excerpt":{"rendered":"","protected":false},"author":1,"featured_media":0,"parent":599,"menu_order":0,"comment_status":"closed","ping_status":"closed","template":"100-width.php","meta":{"footnotes":""},"class_list":["post-9559","page","type-page","status-publish","hentry"],"_links":{"self":[{"href":"https:\/\/www.smartoptics.de\/de\/wp-json\/wp\/v2\/pages\/9559","targetHints":{"allow":["GET"]}}],"collection":[{"href":"https:\/\/www.smartoptics.de\/de\/wp-json\/wp\/v2\/pages"}],"about":[{"href":"https:\/\/www.smartoptics.de\/de\/wp-json\/wp\/v2\/types\/page"}],"author":[{"embeddable":true,"href":"https:\/\/www.smartoptics.de\/de\/wp-json\/wp\/v2\/users\/1"}],"replies":[{"embeddable":true,"href":"https:\/\/www.smartoptics.de\/de\/wp-json\/wp\/v2\/comments?post=9559"}],"version-history":[{"count":32,"href":"https:\/\/www.smartoptics.de\/de\/wp-json\/wp\/v2\/pages\/9559\/revisions"}],"predecessor-version":[{"id":15339,"href":"https:\/\/www.smartoptics.de\/de\/wp-json\/wp\/v2\/pages\/9559\/revisions\/15339"}],"up":[{"embeddable":true,"href":"https:\/\/www.smartoptics.de\/de\/wp-json\/wp\/v2\/pages\/599"}],"wp:attachment":[{"href":"https:\/\/www.smartoptics.de\/de\/wp-json\/wp\/v2\/media?parent=9559"}],"curies":[{"name":"wp","href":"https:\/\/api.w.org\/{rel}","templated":true}]}}