{"id":750,"date":"2019-06-12T12:06:18","date_gmt":"2019-06-12T10:06:18","guid":{"rendered":"https:\/\/www.smartoptics.de\/?page_id=750"},"modified":"2023-05-09T11:45:06","modified_gmt":"2023-05-09T09:45:06","slug":"anfahrt","status":"publish","type":"page","link":"https:\/\/www.smartoptics.de\/de\/anfahrt\/","title":{"rendered":"Anfahrt"},"content":{"rendered":"<div class=\"fusion-fullwidth fullwidth-box fusion-builder-row-1 nonhundred-percent-fullwidth non-hundred-percent-height-scrolling\" style=\"--awb-border-radius-top-left:0px;--awb-border-radius-top-right:0px;--awb-border-radius-bottom-right:0px;--awb-border-radius-bottom-left:0px;--awb-flex-wrap:wrap;\" ><div class=\"fusion-builder-row fusion-row\"><div class=\"fusion-layout-column fusion_builder_column fusion-builder-column-0 fusion_builder_column_1_1 1_1 fusion-one-full fusion-column-first fusion-column-last\" style=\"--awb-bg-size:cover;\"><div class=\"fusion-column-wrapper fusion-column-has-shadow fusion-flex-column-wrapper-legacy\"><div class=\"fusion-title title fusion-title-1 fusion-sep-none fusion-title-text fusion-title-size-one\"><h1 class=\"fusion-title-heading title-heading-left\" style=\"margin:0;\">Anfahrt<\/h1><\/div><div class=\"fusion-image-element in-legacy-container\" style=\"--awb-caption-title-font-family:var(--h2_typography-font-family);--awb-caption-title-font-weight:var(--h2_typography-font-weight);--awb-caption-title-font-style:var(--h2_typography-font-style);--awb-caption-title-size:var(--h2_typography-font-size);--awb-caption-title-transform:var(--h2_typography-text-transform);--awb-caption-title-line-height:var(--h2_typography-line-height);--awb-caption-title-letter-spacing:var(--h2_typography-letter-spacing);\"><span class=\" fusion-imageframe imageframe-none imageframe-1 hover-type-none\"><img decoding=\"async\" width=\"1280\" height=\"400\" title=\"smart optics entrance\" src=\"https:\/\/www.smartoptics.de\/wp-content\/uploads\/entrance-1.jpg\" alt class=\"img-responsive wp-image-875\" srcset=\"https:\/\/www.smartoptics.de\/wp-content\/uploads\/entrance-1-200x63.jpg 200w, https:\/\/www.smartoptics.de\/wp-content\/uploads\/entrance-1-400x125.jpg 400w, https:\/\/www.smartoptics.de\/wp-content\/uploads\/entrance-1-600x188.jpg 600w, https:\/\/www.smartoptics.de\/wp-content\/uploads\/entrance-1-800x250.jpg 800w, https:\/\/www.smartoptics.de\/wp-content\/uploads\/entrance-1-1200x375.jpg 1200w, https:\/\/www.smartoptics.de\/wp-content\/uploads\/entrance-1.jpg 1280w\" sizes=\"(max-width: 1024px) 100vw, 1280px\" \/><\/span><\/div><div class=\"fusion-sep-clear\"><\/div><div class=\"fusion-separator fusion-full-width-sep\" style=\"margin-left: auto;margin-right: auto;margin-top:10px;margin-bottom:10px;width:100%;\"><\/div><div class=\"fusion-sep-clear\"><\/div><div class=\"fusion-title title fusion-title-2 fusion-sep-none fusion-title-text fusion-title-size-three\"><h3 class=\"fusion-title-heading title-heading-left\" style=\"margin:0;\"><p style=\"text-align: center;\">smart optics Sensortechnik GmbH<br \/>\nLise-Meitner-Allee 10<br \/>\n44801 Bochum<br \/>\nDeutschland<\/p>\n<p style=\"text-align: center;\">Telefon: +49 (0) 234 \/ 29 828-0<br \/>\nFax: +49 (0) 234 \/ 29 828-20<br \/>\nE-Mail: info@smartoptics.de<\/p><\/h3><\/div><div class=\"fusion-text fusion-text-1\"><p>Unser Firmensitz in Bochum liegt verkehrsg\u00fcnstig im Technologie-Quartier nahe der Ruhr-Universit\u00e4t. Die Lise-Meitner-Allee ist mit dem PKW \u00fcber die Universit\u00e4tsstra\u00dfe, mit der U-Bahn-Linie U35 (Campuslinie) sowie mit den Buslinien 320 und 346 erreichbar.<br \/>\nTipp f\u00fcr Smartphone- und Tablet-Benutzer: Die BOGESTRA App des \u00f6rtlichen Verkehrsbetriebs lotst Sie sicher zum Ziel (Infos unter\u00a0<a href=\"http:\/\/www.bogestra.de\/\" target=\"_blank\" rel=\"noopener noreferrer\">www.bogestra.de<\/a>).<\/p>\n<p><strong>Anreise mit dem Auto<\/strong><\/p>\n<p>Eine direkte Autobahnanbindung besteht zur A43 (Abfahrt 19 Bochum-Querenburg). Fahren Sie auf die Universit\u00e4tsstra\u00dfe und folgen Sie den Hinweisschildern zum Technologie-Quartier.<\/p>\n<p><strong>Bahnreisende und \u00d6PNV<\/strong><\/p>\n<p>Zum Bochumer Hauptbahnhof gibt es zahlreiche Verbindungen im Nah- und Fernverkehr. \u00dcber aktuelle Verbindungen informieren Sie sich bitte online auf:<\/p>\n<ul>\n<li><a href=\"https:\/\/www.bahn.de\/\" target=\"_blank\" rel=\"noopener noreferrer\">www.bahn.de<\/a>\u00a0(Fernverkehr)<\/li>\n<li><a href=\"https:\/\/www.vrr.de\/de\/fahrplan-mobilitaet\/fahrplanauskunft\" target=\"_blank\" rel=\"noopener noreferrer\">www.vrr.de\/de\/fahrplan-mobilitaet\/fahrplanauskunft<\/a>\u00a0(Nahverkehr)<\/li>\n<\/ul>\n<p><strong>Anfahrt von Flugh\u00e4fen<\/strong><\/p>\n<p>Sie erreichen Bochum bequem von den umliegenden Flugh\u00e4fen D\u00fcsseldorf, Dortmund, K\u00f6ln\/Bonn und M\u00fcnster\/Osnabr\u00fcck (Fahrzeit vom Flughafen nach Bochum maximal zwei Stunden).<br \/>\nAuf den Seiten der Flugh\u00e4fen finden Sie ausf\u00fchrliche Informationen zur An- und Abreise:<\/p>\n<ul>\n<li>Flughafen Dortmund (Navigation Flughafenring 2, 44319 Dortmund)<br \/>\n<a href=\"https:\/\/www.dortmund-airport.de\/\" target=\"_blank\" rel=\"noopener noreferrer\">www.dortmund-airport.de<\/a><\/li>\n<li>Flughafen D\u00fcsseldorf (Navigation Flughafenstra\u00dfe 120, 40474 D\u00fcsseldorf)<br \/>\n<a href=\"https:\/\/www.dus.com\/de-de\/anreisen\/anfahrt\" target=\"_blank\" rel=\"noopener noreferrer\">www.dus.com\/de-de\/anreisen\/anfahrt<\/a><\/li>\n<li>Flughafen K\u00f6ln\/Bonn (Navigation Kennedystra\u00dfe, 51147 K\u00f6ln)<br \/>\n<a href=\"https:\/\/www.koeln-bonn-airport.de\/parken-anreise\" target=\"_blank\" rel=\"noopener noreferrer\">www.koeln-bonn-airport.de\/parken-anreise<\/a><\/li>\n<li>Flughafen M\u00fcnster\/Osnabr\u00fcck (Navigation Airportallee 1, 48268 Greven)<br \/>\n<a href=\"https:\/\/www.fmo.de\/service\/an-abreise\/\" target=\"_blank\" rel=\"noopener noreferrer\">www.fmo.de\/service\/an-abreise\/<\/a><\/li>\n<\/ul>\n<\/div><div class=\"fusion-clearfix\"><\/div><\/div><\/div><\/div><\/div>\n","protected":false},"excerpt":{"rendered":"","protected":false},"author":1,"featured_media":0,"parent":0,"menu_order":0,"comment_status":"closed","ping_status":"closed","template":"100-width.php","meta":{"footnotes":""},"class_list":["post-750","page","type-page","status-publish","hentry"],"_links":{"self":[{"href":"https:\/\/www.smartoptics.de\/de\/wp-json\/wp\/v2\/pages\/750","targetHints":{"allow":["GET"]}}],"collection":[{"href":"https:\/\/www.smartoptics.de\/de\/wp-json\/wp\/v2\/pages"}],"about":[{"href":"https:\/\/www.smartoptics.de\/de\/wp-json\/wp\/v2\/types\/page"}],"author":[{"embeddable":true,"href":"https:\/\/www.smartoptics.de\/de\/wp-json\/wp\/v2\/users\/1"}],"replies":[{"embeddable":true,"href":"https:\/\/www.smartoptics.de\/de\/wp-json\/wp\/v2\/comments?post=750"}],"version-history":[{"count":1,"href":"https:\/\/www.smartoptics.de\/de\/wp-json\/wp\/v2\/pages\/750\/revisions"}],"predecessor-version":[{"id":14867,"href":"https:\/\/www.smartoptics.de\/de\/wp-json\/wp\/v2\/pages\/750\/revisions\/14867"}],"wp:attachment":[{"href":"https:\/\/www.smartoptics.de\/de\/wp-json\/wp\/v2\/media?parent=750"}],"curies":[{"name":"wp","href":"https:\/\/api.w.org\/{rel}","templated":true}]}}