{"id":696,"date":"2019-06-05T10:06:05","date_gmt":"2019-06-05T08:06:05","guid":{"rendered":"https:\/\/www.smartoptics.de\/?page_id=696"},"modified":"2022-11-29T14:29:44","modified_gmt":"2022-11-29T13:29:44","slug":"pressemitteilungen","status":"publish","type":"page","link":"https:\/\/www.smartoptics.de\/de\/dental\/pressemitteilungen\/","title":{"rendered":"Pressemitteilungen"},"content":{"rendered":"<div class=\"fusion-fullwidth fullwidth-box fusion-builder-row-1 nonhundred-percent-fullwidth non-hundred-percent-height-scrolling\" style=\"--awb-border-radius-top-left:0px;--awb-border-radius-top-right:0px;--awb-border-radius-bottom-right:0px;--awb-border-radius-bottom-left:0px;--awb-flex-wrap:wrap;\" ><div class=\"fusion-builder-row fusion-row\"><div class=\"fusion-layout-column fusion_builder_column fusion-builder-column-0 fusion_builder_column_1_1 1_1 fusion-one-full fusion-column-first fusion-column-last\" style=\"--awb-bg-size:cover;\"><div class=\"fusion-column-wrapper fusion-column-has-shadow fusion-flex-column-wrapper-legacy\"><div class=\"fusion-title title fusion-title-1 fusion-sep-none fusion-title-text fusion-title-size-one\"><h1 class=\"fusion-title-heading title-heading-left\" style=\"margin:0;\">Pressemitteilungen<\/h1><\/div><div class=\"fusion-blog-shortcode fusion-blog-shortcode-1 fusion-blog-archive fusion-blog-layout-timeline-wrapper fusion-blog-infinite\" style=\"--grid_separator_color:#ffffff;\"><div class=\"fusion-posts-container fusion-posts-container-infinite fusion-blog-rollover\" data-pages=\"1\"><div class=\"fusion-timeline-icon\"><i class=\"awb-icon-bubbles\" style=\"color:#ffffff;\" aria-hidden=\"true\"><\/i><\/div><div class=\"fusion-blog-layout-timeline fusion-clearfix\"><div class=\"fusion-timeline-line\" style=\"border-left:1px solid #ffffff;border-right:1px solid #ffffff;\"><\/div><h3 class=\"fusion-timeline-date\" style=\"background-color:#ffffff;\">August 2018<\/h3><div class=\"fusion-collapse-month\"><article id=\"blog-1-post-6250\" style=\"border-color:#ffffff;\" class=\"fusion-post-timeline fusion-clearfix fusion-left-column post-6250 post type-post status-publish format-standard hentry category-pressemitteilungen-dental tag-26 tag-3d tag-award tag-dental tag-gewinner tag-red-dot tag-scanner tag-vinyl\">\n<div class=\"fusion-post-wrapper\" style=\"background-color:rgba(255,255,255,1);\">\n\n<div class=\"fusion-post-content-wrapper\" style=\"padding:30px 25px 20px 25px;\"><div class=\"fusion-post-content post-content\"><div class=\"fusion-timeline-circle\" style=\"background-color:#ffffff;\"><\/div><div class=\"fusion-timeline-arrow\" style=\"color:#ffffff;\"><\/div><h2 class=\"blog-shortcode-post-title entry-title\"><a href=\"https:\/\/www.smartoptics.de\/de\/auszeichnung-fuer-hohe-designqualitaet-vinyl-erhaelt-red-dot\/\">Auszeichnung f\u00fcr hohe Designqualit\u00e4t: Vinyl erh\u00e4lt Red Dot<\/a><\/h2><p class=\"fusion-single-line-meta\"><span class=\"vcard\" style=\"display: none;\"><span class=\"fn\"><a href=\"https:\/\/www.smartoptics.de\/de\/author\/smart-optics\/\" title=\"Beitr\u00e4ge von smart optics\" rel=\"author\">smart optics<\/a><\/span><\/span><span class=\"updated\" style=\"display:none;\">2020-01-30T15:44:06+01:00<\/span><span>21. August 2018<\/span><span class=\"fusion-inline-sep\">|<\/span><a href=\"https:\/\/www.smartoptics.de\/de\/category\/pressemitteilungen-dental\/\" rel=\"category tag\">Pressemitteilungen Dental<\/a><span class=\"fusion-inline-sep\">|<\/span><\/p><div class=\"fusion-content-sep sep-double sep-solid\"><\/div><div class=\"fusion-post-content-container\"><p>BOCHUM \u2013 Die Red Dot Jury hat entschieden: Nachdem im Rahmen eines mehrt\u00e4gigen Bewertungsprozesses alle eingereichten Produkte individuell getestet und evaluiert wurden, erhielt der Vinyl von smart optics die Auszeichnung \u201eRed Dot\u201c. Das Expertengremium vergibt das international anerkannte Qualit\u00e4tssiegel lediglich an Produkte, die durch ihre hohe Gestaltungsqualit\u00e4t \u00fcberzeugen. Vinyl \u2013 [...]<\/p><\/div><\/div><div class=\"fusion-meta-info\"><div class=\"fusion-alignleft\"><a class=\"fusion-read-more\" href=\"https:\/\/www.smartoptics.de\/de\/auszeichnung-fuer-hohe-designqualitaet-vinyl-erhaelt-red-dot\/\" aria-label=\"More on Auszeichnung f\u00fcr hohe Designqualit\u00e4t: Vinyl erh\u00e4lt Red Dot\">Weiterlesen<\/a><\/div><\/div><\/div><div class=\"fusion-clearfix\"><\/div><\/div>\n<\/article>\n<\/div><\/div><\/div><\/div><div class=\"fusion-clearfix\"><\/div><\/div><\/div><\/div><\/div>\n","protected":false},"excerpt":{"rendered":"","protected":false},"author":1,"featured_media":0,"parent":41,"menu_order":0,"comment_status":"closed","ping_status":"closed","template":"100-width.php","meta":{"footnotes":""},"class_list":["post-696","page","type-page","status-publish","hentry"],"_links":{"self":[{"href":"https:\/\/www.smartoptics.de\/de\/wp-json\/wp\/v2\/pages\/696","targetHints":{"allow":["GET"]}}],"collection":[{"href":"https:\/\/www.smartoptics.de\/de\/wp-json\/wp\/v2\/pages"}],"about":[{"href":"https:\/\/www.smartoptics.de\/de\/wp-json\/wp\/v2\/types\/page"}],"author":[{"embeddable":true,"href":"https:\/\/www.smartoptics.de\/de\/wp-json\/wp\/v2\/users\/1"}],"replies":[{"embeddable":true,"href":"https:\/\/www.smartoptics.de\/de\/wp-json\/wp\/v2\/comments?post=696"}],"version-history":[{"count":2,"href":"https:\/\/www.smartoptics.de\/de\/wp-json\/wp\/v2\/pages\/696\/revisions"}],"predecessor-version":[{"id":14435,"href":"https:\/\/www.smartoptics.de\/de\/wp-json\/wp\/v2\/pages\/696\/revisions\/14435"}],"up":[{"embeddable":true,"href":"https:\/\/www.smartoptics.de\/de\/wp-json\/wp\/v2\/pages\/41"}],"wp:attachment":[{"href":"https:\/\/www.smartoptics.de\/de\/wp-json\/wp\/v2\/media?parent=696"}],"curies":[{"name":"wp","href":"https:\/\/api.w.org\/{rel}","templated":true}]}}