{"id":648,"date":"2019-05-13T08:12:51","date_gmt":"2019-05-13T06:12:51","guid":{"rendered":"https:\/\/www.smartoptics.de\/?page_id=648"},"modified":"2022-11-29T14:29:23","modified_gmt":"2022-11-29T13:29:23","slug":"oem","status":"publish","type":"page","link":"https:\/\/www.smartoptics.de\/de\/dental\/oem\/","title":{"rendered":"OEM"},"content":{"rendered":"<div class=\"fusion-fullwidth fullwidth-box fusion-builder-row-1 nonhundred-percent-fullwidth non-hundred-percent-height-scrolling\" style=\"--awb-border-radius-top-left:0px;--awb-border-radius-top-right:0px;--awb-border-radius-bottom-right:0px;--awb-border-radius-bottom-left:0px;--awb-flex-wrap:wrap;\" ><div class=\"fusion-builder-row fusion-row\"><div class=\"fusion-layout-column fusion_builder_column fusion-builder-column-0 fusion_builder_column_1_1 1_1 fusion-one-full fusion-column-first fusion-column-last\" style=\"--awb-bg-size:cover;\"><div class=\"fusion-column-wrapper fusion-column-has-shadow fusion-flex-column-wrapper-legacy\"><div class=\"fusion-title title fusion-title-1 fusion-sep-none fusion-title-text fusion-title-size-one\"><h1 class=\"fusion-title-heading title-heading-left\" style=\"margin:0;\">OEM<\/h1><\/div><div class=\"fusion-title title fusion-title-2 fusion-sep-none fusion-title-text fusion-title-size-two\"><h2 class=\"fusion-title-heading title-heading-left\" style=\"margin:0;\">Individualit\u00e4t als Erfolgsrezept<\/h2><\/div><div class=\"fusion-text fusion-text-1\"><p>Nahezu alle unserer Wettbewerber bieten ihre Produkte auf den weltweiten M\u00e4rkten in gleicher Form an. Individuelle W\u00fcnsche finden dabei kaum Ber\u00fccksichtigung. F\u00fcr den Wiederverk\u00e4ufer bedeutet dies, dass er sich im Wettbewerb mit anderen Anbietern des gleichen Produkts kaum unterscheiden kann und letztlich nur der Preis entscheidet.<\/p>\n<p>Eine Individualisierung der Produkte schafft hingegen Alleinstellungsmerkmale und erm\u00f6glicht es so, sich im Vertrieb der Produkte positiv von den Wettbewerbern abzusetzen. Seit vielen Jahren realisieren wir daher f\u00fcr unsere OEM-Partner individuelle Varianten unserer Standardprodukte und unterst\u00fctzen somit aktiv den Markterfolg unserer Partner.<\/p>\n<\/div><div class=\"fusion-image-element fusion-image-align-center in-legacy-container\" style=\"text-align:center;--awb-caption-title-font-family:var(--h2_typography-font-family);--awb-caption-title-font-weight:var(--h2_typography-font-weight);--awb-caption-title-font-style:var(--h2_typography-font-style);--awb-caption-title-size:var(--h2_typography-font-size);--awb-caption-title-transform:var(--h2_typography-text-transform);--awb-caption-title-line-height:var(--h2_typography-line-height);--awb-caption-title-letter-spacing:var(--h2_typography-letter-spacing);\"><div class=\"imageframe-align-center\"><span class=\" fusion-imageframe imageframe-none imageframe-1 hover-type-none\"><img decoding=\"async\" width=\"1100\" height=\"400\" title=\"OEM\" src=\"https:\/\/www.smartoptics.de\/wp-content\/uploads\/oem-v2.jpg\" alt class=\"img-responsive wp-image-651\" srcset=\"https:\/\/www.smartoptics.de\/wp-content\/uploads\/oem-v2-200x73.jpg 200w, https:\/\/www.smartoptics.de\/wp-content\/uploads\/oem-v2-400x145.jpg 400w, https:\/\/www.smartoptics.de\/wp-content\/uploads\/oem-v2-600x218.jpg 600w, https:\/\/www.smartoptics.de\/wp-content\/uploads\/oem-v2-800x291.jpg 800w, https:\/\/www.smartoptics.de\/wp-content\/uploads\/oem-v2.jpg 1100w\" sizes=\"(max-width: 1024px) 100vw, 1100px\" \/><\/span><\/div><\/div><div class=\"fusion-sep-clear\"><\/div><div class=\"fusion-separator fusion-full-width-sep\" style=\"margin-left: auto;margin-right: auto;margin-top:10px;margin-bottom:10px;width:100%;\"><\/div><div class=\"fusion-sep-clear\"><\/div><div class=\"fusion-text fusion-text-2\"><p>M\u00f6glichkeiten einer individuellen Produktkonfiguration bestehen in der technischen Ausstattung und dem Design unserer Scanner sowie im Aussehen und Funktionsumfang der Software. Aufgrund unserer langj\u00e4hrigen Erfahrung im OEM-Bereich ber\u00fccksichtigen wir bei jeder neuen Produktentwicklung die Anforderungen der OEM-Fertigung, wie beispielsweise individuelle Geh\u00e4useformen.<\/p>\n<p>Dank unserer gro\u00dfen Expertise fertigen wir eine breite Palette unterschiedlichster OEM-Ausf\u00fchrungen unserer Produkte. Wenn auch Sie sich f\u00fcr individualisierte Ausf\u00fchrungen unserer Produkte interessieren, kontaktieren Sie uns bitte \u00fcber das Kontaktformular.<\/p>\n<\/div><div class=\"fusion-clearfix\"><\/div><\/div><\/div><\/div><\/div>\n","protected":false},"excerpt":{"rendered":"","protected":false},"author":1,"featured_media":0,"parent":41,"menu_order":0,"comment_status":"closed","ping_status":"closed","template":"100-width.php","meta":{"footnotes":""},"class_list":["post-648","page","type-page","status-publish","hentry"],"_links":{"self":[{"href":"https:\/\/www.smartoptics.de\/de\/wp-json\/wp\/v2\/pages\/648","targetHints":{"allow":["GET"]}}],"collection":[{"href":"https:\/\/www.smartoptics.de\/de\/wp-json\/wp\/v2\/pages"}],"about":[{"href":"https:\/\/www.smartoptics.de\/de\/wp-json\/wp\/v2\/types\/page"}],"author":[{"embeddable":true,"href":"https:\/\/www.smartoptics.de\/de\/wp-json\/wp\/v2\/users\/1"}],"replies":[{"embeddable":true,"href":"https:\/\/www.smartoptics.de\/de\/wp-json\/wp\/v2\/comments?post=648"}],"version-history":[{"count":1,"href":"https:\/\/www.smartoptics.de\/de\/wp-json\/wp\/v2\/pages\/648\/revisions"}],"predecessor-version":[{"id":14433,"href":"https:\/\/www.smartoptics.de\/de\/wp-json\/wp\/v2\/pages\/648\/revisions\/14433"}],"up":[{"embeddable":true,"href":"https:\/\/www.smartoptics.de\/de\/wp-json\/wp\/v2\/pages\/41"}],"wp:attachment":[{"href":"https:\/\/www.smartoptics.de\/de\/wp-json\/wp\/v2\/media?parent=648"}],"curies":[{"name":"wp","href":"https:\/\/api.w.org\/{rel}","templated":true}]}}