{"id":1430,"date":"2019-11-08T12:23:02","date_gmt":"2019-11-08T11:23:02","guid":{"rendered":"https:\/\/www.smartoptics.de\/?page_id=1430"},"modified":"2020-02-06T13:51:59","modified_gmt":"2020-02-06T12:51:59","slug":"pressemitteilungen","status":"publish","type":"page","link":"https:\/\/www.smartoptics.de\/de\/audiologie\/pressemitteilungen\/","title":{"rendered":"Pressemitteilungen"},"content":{"rendered":"<div class=\"fusion-fullwidth fullwidth-box fusion-builder-row-1 nonhundred-percent-fullwidth non-hundred-percent-height-scrolling\" style=\"--awb-border-radius-top-left:0px;--awb-border-radius-top-right:0px;--awb-border-radius-bottom-right:0px;--awb-border-radius-bottom-left:0px;--awb-flex-wrap:wrap;\" ><div class=\"fusion-builder-row fusion-row\"><div class=\"fusion-layout-column fusion_builder_column fusion-builder-column-0 fusion_builder_column_1_1 1_1 fusion-one-full fusion-column-first fusion-column-last\" style=\"--awb-bg-size:cover;\"><div class=\"fusion-column-wrapper fusion-column-has-shadow fusion-flex-column-wrapper-legacy\"><div class=\"fusion-title title fusion-title-1 fusion-sep-none fusion-title-text fusion-title-size-one\"><h1 class=\"fusion-title-heading title-heading-left\" style=\"margin:0;\">Pressemitteilungen<\/h1><\/div><div class=\"fusion-blog-shortcode fusion-blog-shortcode-1 fusion-blog-archive fusion-blog-layout-timeline-wrapper fusion-blog-infinite\" style=\"--grid_separator_color:#ffffff;\"><div class=\"fusion-posts-container fusion-posts-container-infinite fusion-blog-rollover\" data-pages=\"1\"><div class=\"fusion-timeline-icon\"><i class=\"awb-icon-bubbles\" style=\"color:#ffffff;\" aria-hidden=\"true\"><\/i><\/div><div class=\"fusion-blog-layout-timeline fusion-clearfix\"><div class=\"fusion-timeline-line\" style=\"border-left:1px solid #ffffff;border-right:1px solid #ffffff;\"><\/div><h3 class=\"fusion-timeline-date\" style=\"background-color:#ffffff;\">Oktober 2023<\/h3><div class=\"fusion-collapse-month\"><article id=\"blog-1-post-15353\" style=\"border-color:#ffffff;\" class=\"fusion-post-timeline fusion-clearfix fusion-left-column post-15353 post type-post status-publish format-standard hentry category-pressemitteilungen-audiologie tag-audiologie tag-euha tag-smart-optics\">\n<div class=\"fusion-post-wrapper\" style=\"background-color:rgba(255,255,255,1);\">\n\n<div class=\"fusion-post-content-wrapper\" style=\"padding:30px 25px 20px 25px;\"><div class=\"fusion-post-content post-content\"><div class=\"fusion-timeline-circle\" style=\"background-color:#ffffff;\"><\/div><div class=\"fusion-timeline-arrow\" style=\"color:#ffffff;\"><\/div><h2 class=\"blog-shortcode-post-title entry-title\"><a href=\"https:\/\/www.smartoptics.de\/de\/smart-optics-bringt-zwei-neue-audiologie-scanner-auf-den-markt\/\">smart optics bringt zwei neue Audiologie-Scanner auf den Markt: free Stage one und free Stage twin<\/a><\/h2><p class=\"fusion-single-line-meta\"><span class=\"vcard\" style=\"display: none;\"><span class=\"fn\"><a href=\"https:\/\/www.smartoptics.de\/de\/author\/smart-optics\/\" title=\"Beitr\u00e4ge von smart optics\" rel=\"author\">smart optics<\/a><\/span><\/span><span class=\"updated\" style=\"display:none;\">2023-10-19T15:31:33+02:00<\/span><span>18. Oktober 2023<\/span><span class=\"fusion-inline-sep\">|<\/span><a href=\"https:\/\/www.smartoptics.de\/de\/category\/pressemitteilungen-audiologie\/\" rel=\"category tag\">Pressemitteilungen Audiologie<\/a><span class=\"fusion-inline-sep\">|<\/span><\/p><div class=\"fusion-content-sep sep-double sep-solid\"><\/div><div class=\"fusion-post-content-container\"><p>BOCHUM \u2013 Der 67. Internationale H\u00f6rakustiker-Kongress in N\u00fcrnberg l\u00e4dt zum weltgr\u00f6\u00dften Branchentreffen seiner Art vom 18. bis 20. Oktober ein. Am Stand 3A-213 pr\u00e4sentiert smart optics die neuesten 3D-Audiologie-Scanner sowie die neue Version der Scansoftware aural Scan, die nach der Messe zum Download auf der smart optics-Website erh\u00e4ltlich sein wird. [...]<\/p><\/div><\/div><div class=\"fusion-meta-info\"><div class=\"fusion-alignleft\"><a class=\"fusion-read-more\" href=\"https:\/\/www.smartoptics.de\/de\/smart-optics-bringt-zwei-neue-audiologie-scanner-auf-den-markt\/\" aria-label=\"More on smart optics bringt zwei neue Audiologie-Scanner auf den Markt: free Stage one und free Stage twin\">Weiterlesen<\/a><\/div><\/div><\/div><div class=\"fusion-clearfix\"><\/div><\/div>\n<\/article>\n<\/div><h3 class=\"fusion-timeline-date\" style=\"background-color:#ffffff;\">Oktober 2022<\/h3><div class=\"fusion-collapse-month\"><article id=\"blog-1-post-14058\" style=\"border-color:#ffffff;\" class=\"fusion-post-timeline fusion-clearfix fusion-right-column post-14058 post type-post status-publish format-standard hentry category-pressemitteilungen-audiologie tag-audiologie tag-euha tag-smart-optics\">\n<div class=\"fusion-post-wrapper\" style=\"background-color:rgba(255,255,255,1);\">\n\n<div class=\"fusion-post-content-wrapper\" style=\"padding:30px 25px 20px 25px;\"><div class=\"fusion-post-content post-content\"><div class=\"fusion-timeline-circle\" style=\"background-color:#ffffff;\"><\/div><div class=\"fusion-timeline-arrow\" style=\"color:#ffffff;\"><\/div><h2 class=\"blog-shortcode-post-title entry-title\"><a href=\"https:\/\/www.smartoptics.de\/de\/audiologie-scanner-mit-farbtexturscan\/\">Farbenfroh in den Herbst: smart optics Audiologie-Scanner mit farbigem Texturscan erh\u00e4ltlich<\/a><\/h2><p class=\"fusion-single-line-meta\"><span class=\"vcard\" style=\"display: none;\"><span class=\"fn\"><a href=\"https:\/\/www.smartoptics.de\/de\/author\/smart-optics\/\" title=\"Beitr\u00e4ge von smart optics\" rel=\"author\">smart optics<\/a><\/span><\/span><span class=\"updated\" style=\"display:none;\">2022-10-12T14:43:01+02:00<\/span><span>12. Oktober 2022<\/span><span class=\"fusion-inline-sep\">|<\/span><a href=\"https:\/\/www.smartoptics.de\/de\/category\/pressemitteilungen-audiologie\/\" rel=\"category tag\">Pressemitteilungen Audiologie<\/a><span class=\"fusion-inline-sep\">|<\/span><\/p><div class=\"fusion-content-sep sep-double sep-solid\"><\/div><div class=\"fusion-post-content-container\"><p>BOCHUM \u2013 Der 66. Internationale H\u00f6rakustiker-Kongress in Hannover l\u00e4dt zum weltgr\u00f6\u00dften Branchentreffen seiner Art vom 12. bis 14. Oktober ein. Am Stand 408 pr\u00e4sentiert smart optics die neueste Generation seiner renommierten 3D-Scanner sowie das aktuelle Release der Scansoftware aural Scan. Digitalisierter Workflow und smart optics werden von der Branche seit [...]<\/p><\/div><\/div><div class=\"fusion-meta-info\"><div class=\"fusion-alignleft\"><a class=\"fusion-read-more\" href=\"https:\/\/www.smartoptics.de\/de\/audiologie-scanner-mit-farbtexturscan\/\" aria-label=\"More on Farbenfroh in den Herbst: smart optics Audiologie-Scanner mit farbigem Texturscan erh\u00e4ltlich\">Weiterlesen<\/a><\/div><\/div><\/div><div class=\"fusion-clearfix\"><\/div><\/div>\n<\/article>\n<\/div><h3 class=\"fusion-timeline-date\" style=\"background-color:#ffffff;\">September 2021<\/h3><div class=\"fusion-collapse-month\"><article id=\"blog-1-post-12666\" style=\"border-color:#ffffff;\" class=\"fusion-post-timeline fusion-clearfix fusion-left-column post-12666 post type-post status-publish format-standard hentry category-pressemitteilungen-audiologie tag-audiologie tag-euha tag-smart-optics\">\n<div class=\"fusion-post-wrapper\" style=\"background-color:rgba(255,255,255,1);\">\n\n<div class=\"fusion-post-content-wrapper\" style=\"padding:30px 25px 20px 25px;\"><div class=\"fusion-post-content post-content\"><div class=\"fusion-timeline-circle\" style=\"background-color:#ffffff;\"><\/div><div class=\"fusion-timeline-arrow\" style=\"color:#ffffff;\"><\/div><h2 class=\"blog-shortcode-post-title entry-title\"><a href=\"https:\/\/www.smartoptics.de\/de\/smart-optics-freut-sich-auf-den-ersten-messebesuch-2021\/\">smart optics freut sich auf den ersten Messebesuch 2021<\/a><\/h2><p class=\"fusion-single-line-meta\"><span class=\"vcard\" style=\"display: none;\"><span class=\"fn\"><a href=\"https:\/\/www.smartoptics.de\/de\/author\/smart-optics\/\" title=\"Beitr\u00e4ge von smart optics\" rel=\"author\">smart optics<\/a><\/span><\/span><span class=\"updated\" style=\"display:none;\">2021-09-15T11:50:15+02:00<\/span><span>15. September 2021<\/span><span class=\"fusion-inline-sep\">|<\/span><a href=\"https:\/\/www.smartoptics.de\/de\/category\/pressemitteilungen-audiologie\/\" rel=\"category tag\">Pressemitteilungen Audiologie<\/a><span class=\"fusion-inline-sep\">|<\/span><\/p><div class=\"fusion-content-sep sep-double sep-solid\"><\/div><div class=\"fusion-post-content-container\"><p>BOCHUM \u2013 Nach mehr als einem Jahr Pandemie-Ungewissheit ist es nun endlich soweit: Der 65. Internationale H\u00f6rakustiker-Kongress in Hannover \u00f6ffnet vom 15. bis 17. September seine Pforten zum weltgr\u00f6\u00dften Branchentreffen seiner Art. In Halle 6, Stand 105a, pr\u00e4sentiert smart optics seine renommierten 3D Scanner im Bereich der Audiologie sowie die [...]<\/p><\/div><\/div><div class=\"fusion-meta-info\"><div class=\"fusion-alignleft\"><a class=\"fusion-read-more\" href=\"https:\/\/www.smartoptics.de\/de\/smart-optics-freut-sich-auf-den-ersten-messebesuch-2021\/\" aria-label=\"More on smart optics freut sich auf den ersten Messebesuch 2021\">Weiterlesen<\/a><\/div><\/div><\/div><div class=\"fusion-clearfix\"><\/div><\/div>\n<\/article>\n<\/div><h3 class=\"fusion-timeline-date\" style=\"background-color:#ffffff;\">Oktober 2018<\/h3><div class=\"fusion-collapse-month\"><article id=\"blog-1-post-8874\" style=\"border-color:#ffffff;\" class=\"fusion-post-timeline fusion-clearfix fusion-right-column post-8874 post type-post status-publish format-standard hentry category-pressemitteilungen-audiologie\">\n<div class=\"fusion-post-wrapper\" style=\"background-color:rgba(255,255,255,1);\">\n\n<div class=\"fusion-post-content-wrapper\" style=\"padding:30px 25px 20px 25px;\"><div class=\"fusion-post-content post-content\"><div class=\"fusion-timeline-circle\" style=\"background-color:#ffffff;\"><\/div><div class=\"fusion-timeline-arrow\" style=\"color:#ffffff;\"><\/div><h2 class=\"blog-shortcode-post-title entry-title\"><a href=\"https:\/\/www.smartoptics.de\/de\/digital-thinking-aufbruch-in-der-akustiker-branche-smart-optics-mit-neuen-scannern-auf-der-euha-2018\/\">Digital thinking: Aufbruch in der Akustiker-Branche. smart optics mit neuen Scannern auf der EUHA 2018.<\/a><\/h2><p class=\"fusion-single-line-meta\"><span class=\"vcard\" style=\"display: none;\"><span class=\"fn\"><a href=\"https:\/\/www.smartoptics.de\/de\/author\/smart-optics\/\" title=\"Beitr\u00e4ge von smart optics\" rel=\"author\">smart optics<\/a><\/span><\/span><span class=\"updated\" style=\"display:none;\">2020-01-31T08:06:34+01:00<\/span><span>17. Oktober 2018<\/span><span class=\"fusion-inline-sep\">|<\/span><a href=\"https:\/\/www.smartoptics.de\/de\/category\/pressemitteilungen-audiologie\/\" rel=\"category tag\">Pressemitteilungen Audiologie<\/a><span class=\"fusion-inline-sep\">|<\/span><\/p><div class=\"fusion-content-sep sep-double sep-solid\"><\/div><div class=\"fusion-post-content-container\"><p>BOCHUM \u2013 Auf dem diesj\u00e4hrigen H\u00f6rakustiker-Kongress EUHA, der vom 17. \u2013 19. Oktober in Hannover seine Pforten \u00f6ffnet, geht es um neue wissenschaftliche Erkenntnisse im Bereich der H\u00f6rakustik sowie um die technische Weiterentwicklung von H\u00f6rger\u00e4ten und 3D-Scannern. Themen wie Qualit\u00e4t und Digitalisierung r\u00fccken n\u00e4her in den Fokus der Nutzer. Mit [...]<\/p><\/div><\/div><div class=\"fusion-meta-info\"><div class=\"fusion-alignleft\"><a class=\"fusion-read-more\" href=\"https:\/\/www.smartoptics.de\/de\/digital-thinking-aufbruch-in-der-akustiker-branche-smart-optics-mit-neuen-scannern-auf-der-euha-2018\/\" aria-label=\"More on Digital thinking: Aufbruch in der Akustiker-Branche. smart optics mit neuen Scannern auf der EUHA 2018.\">Weiterlesen<\/a><\/div><\/div><\/div><div class=\"fusion-clearfix\"><\/div><\/div>\n<\/article>\n<\/div><\/div><\/div><\/div><div class=\"fusion-clearfix\"><\/div><\/div><\/div><\/div><\/div>\n","protected":false},"excerpt":{"rendered":"","protected":false},"author":1,"featured_media":0,"parent":599,"menu_order":0,"comment_status":"closed","ping_status":"closed","template":"100-width.php","meta":{"footnotes":""},"class_list":["post-1430","page","type-page","status-publish","hentry"],"_links":{"self":[{"href":"https:\/\/www.smartoptics.de\/de\/wp-json\/wp\/v2\/pages\/1430","targetHints":{"allow":["GET"]}}],"collection":[{"href":"https:\/\/www.smartoptics.de\/de\/wp-json\/wp\/v2\/pages"}],"about":[{"href":"https:\/\/www.smartoptics.de\/de\/wp-json\/wp\/v2\/types\/page"}],"author":[{"embeddable":true,"href":"https:\/\/www.smartoptics.de\/de\/wp-json\/wp\/v2\/users\/1"}],"replies":[{"embeddable":true,"href":"https:\/\/www.smartoptics.de\/de\/wp-json\/wp\/v2\/comments?post=1430"}],"version-history":[{"count":0,"href":"https:\/\/www.smartoptics.de\/de\/wp-json\/wp\/v2\/pages\/1430\/revisions"}],"up":[{"embeddable":true,"href":"https:\/\/www.smartoptics.de\/de\/wp-json\/wp\/v2\/pages\/599"}],"wp:attachment":[{"href":"https:\/\/www.smartoptics.de\/de\/wp-json\/wp\/v2\/media?parent=1430"}],"curies":[{"name":"wp","href":"https:\/\/api.w.org\/{rel}","templated":true}]}}