{"id":1428,"date":"2019-11-08T12:22:31","date_gmt":"2019-11-08T11:22:31","guid":{"rendered":"https:\/\/www.smartoptics.de\/?page_id=1428"},"modified":"2021-01-19T09:59:41","modified_gmt":"2021-01-19T08:59:41","slug":"newsletter","status":"publish","type":"page","link":"https:\/\/www.smartoptics.de\/de\/audiologie\/newsletter\/","title":{"rendered":"Newsletter"},"content":{"rendered":"<div class=\"fusion-fullwidth fullwidth-box fusion-builder-row-1 nonhundred-percent-fullwidth non-hundred-percent-height-scrolling\" style=\"--awb-border-radius-top-left:0px;--awb-border-radius-top-right:0px;--awb-border-radius-bottom-right:0px;--awb-border-radius-bottom-left:0px;--awb-flex-wrap:wrap;\" ><div class=\"fusion-builder-row fusion-row\"><div class=\"fusion-layout-column fusion_builder_column fusion-builder-column-0 fusion_builder_column_1_1 1_1 fusion-one-full fusion-column-first fusion-column-last\" style=\"--awb-bg-size:cover;\"><div class=\"fusion-column-wrapper fusion-column-has-shadow fusion-flex-column-wrapper-legacy\"><div class=\"fusion-title title fusion-title-1 fusion-sep-none fusion-title-text fusion-title-size-one\"><h1 class=\"fusion-title-heading title-heading-left\" style=\"margin:0;\">Newsletter<\/h1><\/div><div class=\"fusion-tabs fusion-tabs-1 clean vertical-tabs icon-position-left mobile-mode-accordion\" style=\"--awb-title-border-radius-top-left:0px;--awb-title-border-radius-top-right:0px;--awb-title-border-radius-bottom-right:0px;--awb-title-border-radius-bottom-left:0px;--awb-inactive-color:#bababa;--awb-background-color:#ffffff;--awb-border-color:#ebeaea;--awb-active-border-color:#622181;\"><div class=\"nav\"><ul class=\"nav-tabs\" role=\"tablist\"><li class=\"active\" role=\"presentation\"><a class=\"tab-link\" data-toggle=\"tab\" role=\"tab\" aria-controls=\"tab-491fbf1b4218340ecdf\" aria-selected=\"true\" id=\"fusion-tab-anmelden\/editieren\" href=\"#tab-491fbf1b4218340ecdf\"><h4 class=\"fusion-tab-heading\">Anmelden \/ Editieren<\/h4><\/a><\/li><li role=\"presentation\"><a class=\"tab-link\" data-toggle=\"tab\" role=\"tab\" aria-controls=\"tab-91e4455561d954ac173\" aria-selected=\"false\" tabindex=\"-1\" id=\"fusion-tab-abmelden\" href=\"#tab-91e4455561d954ac173\"><h4 class=\"fusion-tab-heading\">Abmelden<\/h4><\/a><\/li><\/ul><\/div><div class=\"tab-content\"><div class=\"nav fusion-mobile-tab-nav\"><ul class=\"nav-tabs\" role=\"tablist\"><li class=\"active\" role=\"presentation\"><a class=\"tab-link\" data-toggle=\"tab\" role=\"tab\" aria-controls=\"tab-491fbf1b4218340ecdf\" aria-selected=\"true\" id=\"mobile-fusion-tab-anmelden\/editieren\" href=\"#tab-491fbf1b4218340ecdf\"><h4 class=\"fusion-tab-heading\">Anmelden \/ Editieren<\/h4><\/a><\/li><\/ul><\/div><div class=\"tab-pane fade fusion-clearfix in active\" role=\"tabpanel\" tabindex=\"0\" aria-labelledby=\"fusion-tab-anmelden\/editieren\" id=\"tab-491fbf1b4218340ecdf\"><style type=\"text\/css\">.super-form:not(.super-initialized) *:not(.super-load-icon) { visibility: hidden !important; }<\/style><div id=\"super-form-11268\" style=\"margin:0px 0px 0px 0px;\" class=\"super-form super-form-11268  super-default-squared super-field-size-medium\" data-hide=\"true\" data-overlay=\"true\" data-disable-enter=\"true\" data-field-size=\"medium\"><span class=\"super-load-icon\"><\/span><form tabindex=\"0\" autocomplete=\"on\" enctype=\"multipart\/form-data\"><input type=\"hidden\" name=\"sf_nonce\" value=\"\" \/><input type=\"text\" name=\"super_hp\" size=\"25\" value=\"\" \/><div class=\"super-shortcode super-field super-hidden\"><input class=\"super-shortcode-field\" type=\"hidden\" value=\"11268\" name=\"hidden_form_id\" \/><\/div><div class=\"super-grid super-shortcode\"><div class=\"super-shortcode super_one_full super-column grid-level-0 column-number-1 first-column \"><div class=\"super-shortcode super-field super-heading   super-ungrouped  \"><div class=\"super-heading-title\"><h2>Vielen Dank f\u00fcr Ihr Interesse an unserem Newsletter<\/h2><\/div><div class=\"super-heading-description\" ><div>Mit (*) gekennzeichnete Felder sind Pflichtfelder<\/div><\/div><\/div><\/div><\/div><div class=\"super-grid super-shortcode\"><div class=\"super-shortcode super_one_half super-column grid-level-0 column-number-1 first-column \" style=\"background-color:rgba(255,255,255,1);\"><div class=\"super-column-custom-padding\" style=\"padding:20px 20px 0px 20px;\"><div class=\"super-shortcode super-field super-checkbox super-has-only-label   super-ungrouped   display-vertical\"><div class=\"super-label super-bottom-margin\">In welcher Sprache m\u00f6chten Sie den Newsletter erhalten? (*)<\/div><div class=\"super-field-wrapper \"><div class=\"super-items-list\"><label class=\"super-item\" ><span class=\"super-before\"><span class=\"super-after\"><\/span><\/span><input type=\"checkbox\" value=\"deutsch\" \/><div>Deutsch<\/div><\/label><label class=\"super-item\" ><span class=\"super-before\"><span class=\"super-after\"><\/span><\/span><input type=\"checkbox\" value=\"englisch\" \/><div>Englisch<\/div><\/label><\/div><input class=\"super-shortcode-field\" type=\"hidden\" name=\"Sprache\" value=\"\" data-oname=\"Sprache\" data-validation=\"empty\" data-email=\"Sprache:\" data-exclude=\"0\" data-absolute-default=\"\" data-default-value=\"\" data-admin-email-value=\"label\" data-confirm-email-value=\"label\" data-contact-entry-value=\"label\" \/><\/div><div class=\"super-error-msg\">Pflichtfeld!<\/div><div class=\"super-empty-error-msg\">Pflichtfeld!<\/div><\/div><div class=\"super-shortcode super-field super-hidden   super-ungrouped   hidden\" data-conditional-variable-action=\"enabled\"><input class=\"super-shortcode-field\" type=\"hidden\" name=\"hiddenSprache\" data-oname=\"hiddenSprache\" value=\"\" data-default-value=\"\" data-absolute-default=\"\" data-email=\"Hidden:\" \/><textarea class=\"super-variable-conditions\" data-fields=\"{Sprache}\">[{\"field\":\"Sprache\",\"logic\":\"equal\",\"value\":\"deutsch\",\"and_method\":\"\",\"field_and\":\"\",\"logic_and\":\"\",\"value_and\":\"\",\"new_value\":\"sd\"},{\"field\":\"Sprache\",\"logic\":\"equal\",\"value\":\"englisch\",\"and_method\":\"\",\"field_and\":\"\",\"logic_and\":\"\",\"value_and\":\"\",\"new_value\":\"se\"},{\"field\":\"Sprache\",\"logic\":\"contains\",\"value\":\"deutsch\",\"and_method\":\"and\",\"field_and\":\"Sprache\",\"logic_and\":\"contains\",\"value_and\":\"englisch\",\"new_value\":\"sde\"}]<\/textarea><\/div><\/div><\/div><div class=\"super-shortcode super_one_half super-column grid-level-0 column-number-2  \" style=\"background-color:rgba(255,255,255,1);\"><div class=\"super-column-custom-padding\" style=\"padding:20px 20px 0px 20px;\"><div class=\"super-shortcode super-field super-checkbox super-has-only-label   super-ungrouped   display-vertical\"><div class=\"super-label super-bottom-margin\">F\u00fcr welchen Themenbereich interessieren Sie sich? (*)<\/div><div class=\"super-field-wrapper \"><div class=\"super-items-list\"><label class=\"super-item\" ><span class=\"super-before\"><span class=\"super-after\"><\/span><\/span><input type=\"checkbox\" value=\"audiologie\" \/><div>Audiologie<\/div><\/label><label class=\"super-item\" ><span class=\"super-before\"><span class=\"super-after\"><\/span><\/span><input type=\"checkbox\" value=\"dental\" \/><div>Dentaltechnik<\/div><\/label><\/div><input class=\"super-shortcode-field\" type=\"hidden\" name=\"Branche\" value=\"\" data-oname=\"Branche\" data-validation=\"empty\" data-email=\"Branche:\" data-exclude=\"0\" data-absolute-default=\"\" data-default-value=\"\" data-admin-email-value=\"label\" data-confirm-email-value=\"label\" data-contact-entry-value=\"label\" \/><\/div><div class=\"super-error-msg\">Pflichtfeld!<\/div><div class=\"super-empty-error-msg\">Pflichtfeld!<\/div><\/div><div class=\"super-shortcode super-field super-hidden   super-ungrouped   hidden\" data-conditional-variable-action=\"enabled\"><input class=\"super-shortcode-field\" type=\"hidden\" name=\"hiddenBranche\" data-oname=\"hiddenBranche\" value=\"\" data-default-value=\"\" data-absolute-default=\"\" data-email=\"Hidden:\" \/><textarea class=\"super-variable-conditions\" data-fields=\"{Branche}\">[{\"field\":\"{Branche}\",\"logic\":\"equal\",\"value\":\"audiologie\",\"and_method\":\"\",\"field_and\":\"\",\"logic_and\":\"\",\"value_and\":\"\",\"new_value\":\"ba\"},{\"field\":\"{Branche}\",\"logic\":\"equal\",\"value\":\"dental\",\"and_method\":\"\",\"field_and\":\"\",\"logic_and\":\"\",\"value_and\":\"\",\"new_value\":\"bd\"},{\"field\":\"{Branche}\",\"logic\":\"contains\",\"value\":\"audiologie\",\"and_method\":\"and\",\"field_and\":\"{Branche}\",\"logic_and\":\"contains\",\"value_and\":\"dental\",\"new_value\":\"bad\"}]<\/textarea><\/div><\/div><\/div><\/div><div style=\"height:20px;\" class=\"super-shortcode super-field super-spacer   super-ungrouped  \"><\/div><div class=\"super-grid super-shortcode\"><div class=\"super-shortcode super_one_full super-column grid-level-0 column-number-1 first-column \" style=\"background-color:rgba(255,255,255,1);\"><div class=\"super-column-custom-padding\" style=\"padding:20px 20px 0px 20px;\"><div class=\"super-shortcode super-field super-checkbox super-has-label-desc   super-ungrouped   display-vertical\"><div class=\"super-label\">Welche Infokan\u00e4le m\u00f6chten Sie abonnieren?<\/div><div class=\"super-description\">Wir m\u00f6chten, dass Sie nur die Informationen erhalten, die wirklich f\u00fcr Sie relevant sind.<br> Deshalb haben wir f\u00fcr Sie folgende Infokan\u00e4le eingerichtet: <ul style=\"list-style-type: square; line-height:20px;\"> <li> <strong><span style=\"color:#622181;\">Release-Service<\/span><\/strong><br> Sie erhalten von uns unverz\u00fcglich nach Ver\u00f6ffentlichung eines Upgrades oder Updates Ihrer Scan-Software eine E-Mail mit den Release Notes sowie einem Download-Link. <\/li> <li> <strong><span style=\"color:#622181;\">Produkte und Messen<\/span><\/strong><br> Wir senden Ihnen Informationen zu Produktneuheiten oder anstehenden interessanten Messen, wo Sie unsere Scanner in Aktion sehen und testen k\u00f6nnen. <\/li> <li> <strong><span style=\"color:#622181;\">Wissen und Lernen<\/span><\/strong><br> Sie erhalten von uns Informationen \u00fcber Trainings, Webinare, Tipps & Tricks sowie Neuheiten in unserer University. <\/li> <li> <strong><span style=\"color:#622181;\">Promotion und Aktionen<\/span><\/strong><br> Hin und wieder gibt es Auktionen, Gewinnspiele, Rabattaktionen oder \u00e4hnliches. Dar\u00fcber halten wir Sie in diesem Infokanal auf dem Laufenden. <\/li> <\/ul><\/div><div class=\"super-field-wrapper \"><div class=\"super-items-list\"><label class=\"super-item\" ><span class=\"super-before\"><span class=\"super-after\"><\/span><\/span><input type=\"checkbox\" value=\"releaseservice\" \/><div>Release-Service<\/div><\/label><label class=\"super-item\" ><span class=\"super-before\"><span class=\"super-after\"><\/span><\/span><input type=\"checkbox\" value=\"produktemessen\" \/><div>Produkte und Messen<\/div><\/label><label class=\"super-item\" ><span class=\"super-before\"><span class=\"super-after\"><\/span><\/span><input type=\"checkbox\" value=\"wissenlernen\" \/><div>Wissen und Lernen<\/div><\/label><label class=\"super-item\" ><span class=\"super-before\"><span class=\"super-after\"><\/span><\/span><input type=\"checkbox\" value=\"promotionaktionen\" \/><div>Promotion und Aktionen<\/div><\/label><\/div><input class=\"super-shortcode-field\" type=\"hidden\" name=\"Infokanal\" value=\"\" data-oname=\"Infokanal\" data-validation=\"empty\" data-email=\"Option:\" data-exclude=\"0\" data-absolute-default=\"\" data-default-value=\"\" data-admin-email-value=\"label\" data-confirm-email-value=\"label\" data-contact-entry-value=\"label\" \/><\/div><div class=\"super-error-msg\">Pflichtfeld!<\/div><div class=\"super-empty-error-msg\">Pflichtfeld!<\/div><\/div><div class=\"super-shortcode super-field super-html   super-ungrouped  \"><div class=\"super-html-content\"><p>Unabh\u00e4ngig von den gew\u00e4hlten Info-Kan\u00e4len erhalten Sie dringende und notwendige Informationen von smart optics, falls dies als unbedingt erforderlich erachtet wird.<\/p><\/div><textarea><p>Unabh\u00e4ngig von den gew\u00e4hlten Info-Kan\u00e4len erhalten Sie dringende und notwendige Informationen von smart optics, falls dies als unbedingt erforderlich erachtet wird.<\/p><\/textarea><div class=\"super-error-msg\">Pflichtfeld!<\/div><div class=\"super-empty-error-msg\">Pflichtfeld!<\/div><\/div><div class=\"super-shortcode super-field super-hidden   super-ungrouped   hidden\" data-conditional-variable-action=\"enabled\"><input class=\"super-shortcode-field\" type=\"hidden\" name=\"hiddenKanalRelease\" data-oname=\"hiddenKanalRelease\" value=\"\" data-default-value=\"\" data-absolute-default=\"\" data-email=\"HiddenhiddenKanalRelease:\" \/><textarea class=\"super-variable-conditions\" data-fields=\"{Infokanal}\">[{\"field\":\"{Infokanal}\",\"logic\":\"contains\",\"value\":\"releaseservice\",\"and_method\":\"\",\"field_and\":\"\",\"logic_and\":\"\",\"value_and\":\"\",\"new_value\":\"1\"}]<\/textarea><\/div><div class=\"super-shortcode super-field super-hidden   super-ungrouped   hidden\" data-conditional-variable-action=\"enabled\"><input class=\"super-shortcode-field\" type=\"hidden\" name=\"hiddenKanalProdukte\" data-oname=\"hiddenKanalProdukte\" value=\"\" data-default-value=\"\" data-absolute-default=\"\" data-email=\"HiddenhiddenKanalProdukte:\" \/><textarea class=\"super-variable-conditions\" data-fields=\"{Infokanal}\">[{\"field\":\"{Infokanal}\",\"logic\":\"contains\",\"value\":\"produktemessen\",\"and_method\":\"\",\"field_and\":\"\",\"logic_and\":\"\",\"value_and\":\"\",\"new_value\":\"2\"}]<\/textarea><\/div><div class=\"super-shortcode super-field super-hidden   super-ungrouped   hidden\" data-conditional-variable-action=\"enabled\"><input class=\"super-shortcode-field\" type=\"hidden\" name=\"hiddenKanalWissen\" data-oname=\"hiddenKanalWissen\" value=\"\" data-default-value=\"\" data-absolute-default=\"\" data-email=\"hiddenKanalWissen:\" \/><textarea class=\"super-variable-conditions\" data-fields=\"{Infokanal}\">[{\"field\":\"{Infokanal}\",\"logic\":\"contains\",\"value\":\"wissenlernen\",\"and_method\":\"\",\"field_and\":\"\",\"logic_and\":\"\",\"value_and\":\"\",\"new_value\":\"3\"}]<\/textarea><\/div><div class=\"super-shortcode super-field super-hidden   super-ungrouped   hidden\" data-conditional-variable-action=\"enabled\"><input class=\"super-shortcode-field\" type=\"hidden\" name=\"hiddenKanalPromotion\" data-oname=\"hiddenKanalPromotion\" value=\"\" data-default-value=\"\" data-absolute-default=\"\" data-email=\"hiddenKanalPromotion:\" \/><textarea class=\"super-variable-conditions\" data-fields=\"{Infokanal}\">[{\"field\":\"{Infokanal}\",\"logic\":\"contains\",\"value\":\"promotionaktionen\",\"and_method\":\"\",\"field_and\":\"\",\"logic_and\":\"\",\"value_and\":\"\",\"new_value\":\"4\"}]<\/textarea><\/div><\/div><\/div><\/div><div style=\"height:20px;\" class=\"super-shortcode super-field super-spacer   super-ungrouped  \"><\/div><div class=\"super-grid super-shortcode\"><div class=\"super-shortcode super_one_full super-column grid-level-0 column-number-1 first-column \" style=\"background-color:rgba(255,255,255,1);\"><div class=\"super-column-custom-padding\" style=\"padding:20px 20px 0px 20px;\"><div class=\"super-shortcode super-field super-text super-has-only-label   super-ungrouped  \"><div class=\"super-label super-bottom-margin\">E-Mail-Adresse (*)<\/div><div class=\"super-field-wrapper \"><input tabindex=\"-1\" class=\"super-shortcode-field\" type=\"email\" name=\"Email\" data-oname=\"Email\" data-validation=\"email\" data-email=\"E-Mail-Adresse:\" data-exclude=\"0\" data-absolute-default=\"\" data-default-value=\"\" \/><\/div><div class=\"super-error-msg\">Pflichtfeld!<\/div><div class=\"super-empty-error-msg\">Pflichtfeld!<\/div><\/div><div class=\"super-shortcode super-field super-text super-has-only-label   super-ungrouped  \"><div class=\"super-label super-bottom-margin\">Vorname (*)<\/div><div class=\"super-field-wrapper \"><input tabindex=\"-1\" class=\"super-shortcode-field\" type=\"text\" name=\"Vorname\" data-oname=\"Vorname\" data-validation=\"empty\" data-email=\"Vorname:\" data-exclude=\"0\" data-absolute-default=\"\" data-default-value=\"\" \/><\/div><div class=\"super-error-msg\">Pflichtfeld!<\/div><div class=\"super-empty-error-msg\">Pflichtfeld!<\/div><\/div><div class=\"super-shortcode super-field super-text super-has-only-label   super-ungrouped  \"><div class=\"super-label super-bottom-margin\">Nachname (*)<\/div><div class=\"super-field-wrapper \"><input tabindex=\"-1\" class=\"super-shortcode-field\" type=\"text\" name=\"Nachname\" data-oname=\"Nachname\" data-validation=\"empty\" data-email=\"Nachname:\" data-exclude=\"0\" data-absolute-default=\"\" data-default-value=\"\" \/><\/div><div class=\"super-error-msg\">Pflichtfeld!<\/div><div class=\"super-empty-error-msg\">Pflichtfeld!<\/div><\/div><div class=\"super-shortcode super-field super-text super-has-only-label   super-ungrouped  \"><div class=\"super-label super-bottom-margin\">Firma<\/div><div class=\"super-field-wrapper \"><input tabindex=\"-1\" class=\"super-shortcode-field\" type=\"text\" name=\"Company\" data-oname=\"Company\" data-email=\"Firma:\" data-exclude=\"0\" data-absolute-default=\"\" data-default-value=\"\" \/><\/div><div class=\"super-error-msg\">Pflichtfeld!<\/div><div class=\"super-empty-error-msg\">Pflichtfeld!<\/div><\/div><div class=\"super-shortcode super-field super-text super-has-only-label   super-ungrouped  \"><div class=\"super-label super-bottom-margin\">Land<\/div><div class=\"super-field-wrapper \"><input tabindex=\"-1\" class=\"super-shortcode-field\" type=\"text\" name=\"Land\" data-oname=\"Land\" data-email=\"Land:\" data-exclude=\"0\" data-absolute-default=\"\" data-default-value=\"\" \/><\/div><div class=\"super-error-msg\">Pflichtfeld!<\/div><div class=\"super-empty-error-msg\">Pflichtfeld!<\/div><\/div><\/div><\/div><\/div><div style=\"height:20px;\" class=\"super-shortcode super-field super-spacer   super-ungrouped  \"><\/div><div class=\"super-grid super-shortcode\"><div class=\"super-shortcode super_one_full super-column grid-level-0 column-number-1 first-column \" style=\"background-color:rgba(255,255,255,1);\"><div class=\"super-column-custom-padding\" style=\"padding:20px 20px 20px 20px;\"><div class=\"super-shortcode super-field super-checkbox   super-ungrouped   display-vertical\"><div class=\"super-field-wrapper \"><div class=\"super-items-list\"><label class=\"super-item\" ><span class=\"super-before\"><span class=\"super-after\"><\/span><\/span><input type=\"checkbox\" value=\"nutzungsprofil_akzeptiert\" \/><div>Ja, ich m\u00f6chte den Newsletter von smart optics Sensortechnik GmbH mit auf mich zugeschnittenen Informationen (auf Basis eines personalisierten Nutzungsprofils) abonnieren.<\/div><\/label><\/div><input class=\"super-shortcode-field\" type=\"hidden\" name=\"Nutzungsprofil\" value=\"\" data-oname=\"Nutzungsprofil\" data-validation=\"empty\" data-email=\"Nutzungsprofil:\" data-exclude=\"0\" data-absolute-default=\"\" data-default-value=\"\" data-admin-email-value=\"label\" data-confirm-email-value=\"label\" \/><\/div><div class=\"super-error-msg\">Pflichtfeld!<\/div><div class=\"super-empty-error-msg\">Pflichtfeld!<\/div><\/div><div class=\"super-shortcode super-field super-html   super-ungrouped  \"><div class=\"super-html-content\">Hinweis: Ihre Daten werden ausschlie\u00dflich f\u00fcr den Versand des Newsletters genutzt. Wir geben Ihre Daten nicht an Dritte weiter. Ihre Einwilligung kann jederzeit hier unter dem Tab \"Abmelden\" oder am Ende jedes Newsletters mit Wirkung f\u00fcr die Zukunft widerrufen werden. Mit der Abmeldung vom Newsletter wird Ihre Einwilligung in die Erstellung Ihres personalisierten Nutzungsprofils und den Erhalt darauf basierender Newsletter widerrufen. Die Nutzungsdaten werden gel\u00f6scht. Weitere Informationen finden Sie in unseren <a href=\"\/de\/datenschutzerklaerung\/\" target=\"_blank\">Datenschutzbestimmungen<\/a>.<\/div><textarea>Hinweis: Ihre Daten werden ausschlie\u00dflich f\u00fcr den Versand des Newsletters genutzt. Wir geben Ihre Daten nicht an Dritte weiter. Ihre Einwilligung kann jederzeit hier unter dem Tab \"Abmelden\" oder am Ende jedes Newsletters mit Wirkung f\u00fcr die Zukunft widerrufen werden. Mit der Abmeldung vom Newsletter wird Ihre Einwilligung in die Erstellung Ihres personalisierten Nutzungsprofils und den Erhalt darauf basierender Newsletter widerrufen. Die Nutzungsdaten werden gel\u00f6scht. Weitere Informationen finden Sie in unseren <a href=\"\/de\/datenschutzerklaerung\/\" target=\"_blank\">Datenschutzbestimmungen<\/a>.<\/textarea><div class=\"super-error-msg\">Pflichtfeld!<\/div><div class=\"super-empty-error-msg\">Pflichtfeld!<\/div><\/div><\/div><\/div><\/div><div style=\"height:20px;\" class=\"super-shortcode super-field super-spacer   super-ungrouped  \"><\/div><div data-color=\"#622181\" data-light=\"#763595\" data-dark=\"#440363\" data-hover-color=\"#444444\" data-hover-light=\"#585858\" data-hover-dark=\"#262626\" data-font=\"#ffffff\" data-font-hover=\"#ffffff\" data-radius=\"square\" data-type=\"flat\" class=\"super-extra-shortcode super-shortcode super-field super-button super-clear-none super-form-button super-radius-square super-type-flat super-button-medium super-button-align-left super-button-width-auto\"><div data-href=\"\" class=\"super-button-wrap no_link\"><div class=\"super-button-name\" data-action=\"submit\" data-normal=\"Senden\" data-loading=\"L\u00e4dt...\">Senden<\/div><span class=\"super-after\"><\/span><\/div><\/div><\/form><\/div><\/div><div class=\"nav fusion-mobile-tab-nav\"><ul class=\"nav-tabs\" role=\"tablist\"><li role=\"presentation\"><a class=\"tab-link\" data-toggle=\"tab\" role=\"tab\" aria-controls=\"tab-91e4455561d954ac173\" aria-selected=\"false\" tabindex=\"-1\" id=\"mobile-fusion-tab-abmelden\" href=\"#tab-91e4455561d954ac173\"><h4 class=\"fusion-tab-heading\">Abmelden<\/h4><\/a><\/li><\/ul><\/div><div class=\"tab-pane fade fusion-clearfix\" role=\"tabpanel\" tabindex=\"0\" aria-labelledby=\"fusion-tab-abmelden\" id=\"tab-91e4455561d954ac173\">\n<style type=\"text\/css\">.super-form:not(.super-initialized) *:not(.super-load-icon) { visibility: hidden !important; }<\/style><div id=\"super-form-11450\" style=\"margin:0px 0px 0px 0px;\" class=\"super-form super-form-11450  super-default-squared super-field-size-medium\" data-hide=\"true\" data-overlay=\"true\" data-disable-enter=\"true\" data-field-size=\"medium\"><span class=\"super-load-icon\"><\/span><form tabindex=\"0\" autocomplete=\"on\" enctype=\"multipart\/form-data\"><input type=\"hidden\" name=\"sf_nonce\" value=\"\" \/><input type=\"text\" name=\"super_hp\" size=\"25\" value=\"\" \/><div class=\"super-shortcode super-field super-hidden\"><input class=\"super-shortcode-field\" type=\"hidden\" value=\"11450\" name=\"hidden_form_id\" \/><\/div><div class=\"super-grid super-shortcode\"><div class=\"super-shortcode super_one_full super-column grid-level-0 column-number-1 first-column \"><div class=\"super-shortcode super-field super-heading   super-ungrouped  \"><div class=\"super-heading-title\"><h2>Schade, dass Sie sich von unserem Newsletter abmelden m\u00f6chten<\/h2><\/div><div class=\"super-heading-description\" ><div>Um die Abmeldung vom Newsletter durchzuf\u00fchren, tragen Sie bitte unten Ihre E-Mail-Adresse ein und klicken auf Absenden. Wenn Sie Ihre Meinung \u00e4ndern, k\u00f6nnen Sie sich jederzeit wieder anmelden.<\/div><\/div><\/div><div class=\"super-shortcode super-field super-heading   super-ungrouped  \"><div class=\"super-heading-description\" ><div>Mit (*) gekennzeichnete Felder sind Pflichtfelder<\/div><\/div><\/div><\/div><\/div><div class=\"super-grid super-shortcode\"><div class=\"super-shortcode super_one_full super-column grid-level-0 column-number-1 first-column \" style=\"background-color:rgba(255,255,255,1);\"><div class=\"super-column-custom-padding\" style=\"padding:20px 20px 0px 20px;\"><div class=\"super-shortcode super-field super-text super-has-only-desc   super-ungrouped  \"><div class=\"super-description\">E-Mail-Adresse (*)<\/div><div class=\"super-field-wrapper \"><input tabindex=\"-1\" class=\"super-shortcode-field\" type=\"email\" name=\"Email\" data-oname=\"Email\" data-validation=\"email\" data-email=\"Emailadresse:\" data-exclude=\"0\" data-absolute-default=\"\" data-default-value=\"\" \/><\/div><div class=\"super-error-msg\">Pflichtfeld!<\/div><div class=\"super-empty-error-msg\">Pflichtfeld!<\/div><\/div><\/div><\/div><\/div><div class=\"super-grid super-shortcode\"><div class=\"super-shortcode super_one_full super-column grid-level-0 column-number-1 first-column \"><div style=\"height:20px;\" class=\"super-shortcode super-field super-spacer   super-ungrouped  \"><\/div><\/div><\/div><div data-color=\"#622181\" data-light=\"#763595\" data-dark=\"#440363\" data-hover-color=\"#444444\" data-hover-light=\"#585858\" data-hover-dark=\"#262626\" data-font=\"#ffffff\" data-font-hover=\"#ffffff\" data-radius=\"square\" data-type=\"flat\" class=\"super-extra-shortcode super-shortcode super-field super-button super-clear-none super-form-button super-radius-square super-type-flat super-button-medium super-button-align-left super-button-width-auto\"><div data-href=\"\" class=\"super-button-wrap no_link\"><div class=\"super-button-name\" data-action=\"submit\" data-normal=\"Senden\" data-loading=\"L\u00e4dt...\">Senden<\/div><span class=\"super-after\"><\/span><\/div><\/div><\/form><\/div>\n<\/div><\/div><\/div><div class=\"fusion-clearfix\"><\/div><\/div><\/div><\/div><\/div>\n","protected":false},"excerpt":{"rendered":"","protected":false},"author":1,"featured_media":0,"parent":599,"menu_order":0,"comment_status":"closed","ping_status":"closed","template":"100-width.php","meta":{"footnotes":""},"class_list":["post-1428","page","type-page","status-publish","hentry"],"_links":{"self":[{"href":"https:\/\/www.smartoptics.de\/de\/wp-json\/wp\/v2\/pages\/1428","targetHints":{"allow":["GET"]}}],"collection":[{"href":"https:\/\/www.smartoptics.de\/de\/wp-json\/wp\/v2\/pages"}],"about":[{"href":"https:\/\/www.smartoptics.de\/de\/wp-json\/wp\/v2\/types\/page"}],"author":[{"embeddable":true,"href":"https:\/\/www.smartoptics.de\/de\/wp-json\/wp\/v2\/users\/1"}],"replies":[{"embeddable":true,"href":"https:\/\/www.smartoptics.de\/de\/wp-json\/wp\/v2\/comments?post=1428"}],"version-history":[{"count":3,"href":"https:\/\/www.smartoptics.de\/de\/wp-json\/wp\/v2\/pages\/1428\/revisions"}],"predecessor-version":[{"id":11452,"href":"https:\/\/www.smartoptics.de\/de\/wp-json\/wp\/v2\/pages\/1428\/revisions\/11452"}],"up":[{"embeddable":true,"href":"https:\/\/www.smartoptics.de\/de\/wp-json\/wp\/v2\/pages\/599"}],"wp:attachment":[{"href":"https:\/\/www.smartoptics.de\/de\/wp-json\/wp\/v2\/media?parent=1428"}],"curies":[{"name":"wp","href":"https:\/\/api.w.org\/{rel}","templated":true}]}}